{"id":148,"date":"2022-06-21T15:34:14","date_gmt":"2022-06-21T13:34:14","guid":{"rendered":"https:\/\/jlm-assurance.com\/?page_id=148"},"modified":"2024-02-05T15:43:49","modified_gmt":"2024-02-05T14:43:49","slug":"mentions-legales","status":"publish","type":"page","link":"https:\/\/jlm-assurance.com\/index.php\/home\/mentions-legales\/","title":{"rendered":"Mentions l\u00e9gales"},"content":{"rendered":"\n<h3 class=\"wp-block-heading\"><strong><u>INFORMATIONS RELATIVES A L\u2019IDENTITE DE L\u2019ENTREPRISE&nbsp;:<\/u><\/strong><\/h3>\n\n\n\n<p>Ce site est \u00e9dit\u00e9 par : JLM ASSURANCES<\/p>\n\n\n\n<p>SAS au capital de 2 018&nbsp;870 euros<\/p>\n\n\n\n<p>Si\u00e8ge social 74-78 Rue Anatole France, 92300 Levallois-Perret<\/p>\n\n\n\n<p>RCS NANTERRE 384946109<\/p>\n\n\n\n<p>Num\u00e9ro de TVA intracommunautaire : FR86384946109<\/p>\n\n\n\n<p>Soci\u00e9t\u00e9 de courtage en assurance, immatricul\u00e9e \u00e0 l\u2019ORIAS (registre des interm\u00e9diaires en assurance) sous le n\u00b007001754 (<a href=\"http:\/\/www.orias.fr\"><em>www.orias.fr<\/em><\/a><em>)<\/em> et soumise au contr\u00f4le de l\u2019ACPR (Autorit\u00e9 de Contr\u00f4le Prudentiel et de R\u00e9solution : 4 place de Budapest &#8211; CS 92459 &#8211; 75436 Paris Cedex 09).<\/p>\n\n\n\n<p>Garantie financi\u00e8re et responsabilit\u00e9 professionnelle conformes aux art. L512- 6 et L512-7 du Code des Assurances.<\/p>\n\n\n\n<p>Conform\u00e9ment \u00e0 l\u2019article L. 521-2 du Code des assurances, nous d\u00e9clarons ne pas :<\/p>\n\n\n\n<ul class=\"wp-block-list\">\n<li>D\u00e9tenir une participation, directe ou indirecte, sup\u00e9rieure \u00e0 10 % des droits de vote ou du capital d\u2019une entreprise d\u2019assurance.<\/li>\n\n\n\n<li>Etre d\u00e9tenu par une entreprise d\u2019assurance ou par l\u2019entreprise m\u00e8re d\u2019une entreprise d\u2019assurance \u00e0 travers une participation, directe ou indirecte, sup\u00e9rieure \u00e0 10 % des droits de vote ou du capital.<\/li>\n\n\n\n<li>Etre soumis \u00e0 une obligation contractuelle de travailler exclusivement avec une ou plusieurs entreprises d\u2019assurance.<\/li>\n<\/ul>\n\n\n\n<p>Nous ne nous pr\u00e9valons pas d\u2019un conseil fond\u00e9 sur une approche exhaustive et objective du march\u00e9, et exer\u00e7ons notre activit\u00e9 conform\u00e9ment \u00e0 l\u2019article L. 521-2, II, 1 \u00b0, b) du Code des assurances. La liste de nos partenaires assureurs figure ci-dessous&nbsp;:<\/p>\n\n\n\n<ul class=\"wp-block-list\">\n<li>ALLIANZ<\/li>\n\n\n\n<li>ALPTIS<\/li>\n\n\n\n<li>APICIL<\/li>\n\n\n\n<li>APRIA<\/li>\n\n\n\n<li>APRIL<\/li>\n\n\n\n<li>ASAF<\/li>\n\n\n\n<li>AXA<\/li>\n\n\n\n<li>AXELLIANCE<\/li>\n\n\n\n<li>CEGEMA<\/li>\n\n\n\n<li>ENTORIA<\/li>\n\n\n\n<li>EUROPE ASSISTANCE<\/li>\n\n\n\n<li>GAN Assurances<\/li>\n\n\n\n<li>GENERALI<\/li>\n\n\n\n<li>HELVETIA ASSURANCES<\/li>\n\n\n\n<li>HISCOX<\/li>\n\n\n\n<li>JURIDICA<\/li>\n\n\n\n<li>LE CONSERVATEUR<\/li>\n\n\n\n<li>LLOYD<\/li>\n\n\n\n<li>MALAKOFF MEDERIC<\/li>\n\n\n\n<li>MMA<\/li>\n\n\n\n<li>MUTUELLE MOTARD<\/li>\n\n\n\n<li>NOVELIA<\/li>\n\n\n\n<li>PROGEAS<\/li>\n\n\n\n<li>PROTEXIA<\/li>\n\n\n\n<li>SMAM<\/li>\n\n\n\n<li>SOLLY AZAR<\/li>\n\n\n\n<li>SWISS LIFE<\/li>\n\n\n\n<li>WAKAM<\/li>\n<\/ul>\n\n\n\n<p>Dans le cadre de notre activit\u00e9 en assurance, mais aussi pour nos conseils, nous percevons des commissions de la part des entreprises d\u2019assurance et \u00e9ventuellement d\u2019autres avantages non mon\u00e9taires. Nous sommes \u00e9galement susceptibles de percevoir des honoraires et frais de votre part. Dans ce cas, nous vous communiquons distinctement le montant de ces derniers ou, le mode de calcul correspondant.<\/p>\n\n\n\n<p><em>Pour tout renseignement, vous pouvez adresser votre question \u00e0 l\u2019adresse suivante : <\/em><a href=\"mailto:jlm@finaxy.com\"><em>jlm@finaxy.com<\/em><\/a><em><\/em><\/p>\n\n\n\n<p><em>T\u00e9l\u00e9phone&nbsp;: 04 92 99 14 80<\/em><\/p>\n\n\n\n<h3 class=\"wp-block-heading\"><strong><u>INFORMATIONS RELATIVES AU SITE<\/u><\/strong><\/h3>\n\n\n\n<p>Editeur du site : JLM ASSURANCES<\/p>\n\n\n\n<p>Webmaster : FINAXY TECNOLOGIE<\/p>\n\n\n\n<p>R\u00e9alisation : FINAXY DIGITAL &amp; TECHNOLOGIES<\/p>\n\n\n\n<p>H\u00e9bergeur du site :\u00a0Google Cloud Platform \u2013 8, rue de Londres 75 009 Paris &#8211;\u00a0http:\/\/cloud.google.com\/<\/p>\n\n\n\n<p>Ce site est h\u00e9berg\u00e9 par la soci\u00e9t\u00e9 OVH : <a href=\"https:\/\/www.ovh.com\" target=\"_blank\" rel=\"noreferrer noopener\">http:\/\/www.ovh.com<\/a><\/p>\n\n\n\n<p>Le nom de domaine est h\u00e9berg\u00e9 par la soci\u00e9t\u00e9 OVH : <a href=\"http:\/\/www.ovh.com%20arget=\">http:\/\/www.ovh.com<\/a><\/p>\n\n\n\n<p>OVH SAS au capital de 10 069 020 \u20ac RCS Lille M\u00e9tropole 424 761 419 00045<\/p>\n\n\n\n<p>Si\u00e8ge social : 2 rue Kellermann &#8211; 59100 Roubaix &#8211; France.<\/p>\n\n\n\n<p>Directeur de publication : M. Erick BERVILLE<\/p>\n\n\n\n<p>La r\u00e9servation du nom de domaine a \u00e9t\u00e9 effectu\u00e9e conform\u00e9ment aux dispositions en vigueur aupr\u00e8s de l\u2019AFNIC.<\/p>\n\n\n\n<h3 class=\"wp-block-heading\"><strong><u>INFORMATIONS RELATIVES AUX DROITS DE PROPRIETE INDUSTRIELLE ET INTELLECTUELLE<\/u><\/strong><\/h3>\n\n\n\n<p>Tous les \u00e9l\u00e9ments de ce site Internet (notamment les marques d\u00e9pos\u00e9es, noms de domaine, textes, graphismes, logos, sons, photos et animations) sont la propri\u00e9t\u00e9 des \u00e9diteurs de ce site. La protection du site et de ses \u00e9l\u00e9ments rel\u00e8ve, par cons\u00e9quent, des l\u00e9gislations nationales et internationales relatives au droit de la propri\u00e9t\u00e9 intellectuelle. D\u00e8s lors, toute reproduction et\/ou repr\u00e9sentation et\/ou rediffusion, en tout ou partie, sur tout support, \u00e9lectronique ou non, pr\u00e9sent ou futur, sont interdites sauf autorisation expresse et pr\u00e9alable de FINAXY Group. Toute demande d\u2019autorisation doit \u00eatre adress\u00e9e \u00e0 : FINAXY Group \u2013 74-78 Rue Anatole France, 92300 Levallois-Perret. Le non-respect de cette interdiction est susceptible de constituer un acte de contrefa\u00e7on engageant les responsabilit\u00e9s civile et p\u00e9nale de tout contrevenant.<\/p>\n\n\n\n<p>Toute information concernant JLM Assurances, de quelque nature que ce soit, se trouvant sur le r\u00e9seau Internet, en dehors de notre site, aura \u00e9t\u00e9 transmise sans notre autorisation et contr\u00f4le et ne saurait donc engager notre responsabilit\u00e9.<\/p>\n\n\n\n<h3 class=\"wp-block-heading\"><strong><u>TRAITEMENT DES RECLAMATIONS<\/u><\/strong><\/h3>\n\n\n\n<p>Toute r\u00e9clamation peut \u00eatre adress\u00e9e par \u00e9crit (mail, courrier) \u00e0 l\u2019adresse suivante, en indiquant le motif de votre d\u00e9saccord et les r\u00e9f\u00e9rences de votre contrat&nbsp;:<\/p>\n\n\n\n<p>JLM Assurances<\/p>\n\n\n\n<p>Service R\u00e9clamations<\/p>\n\n\n\n<p>166 avenue de Grasse &#8211; 06400 Cannes<\/p>\n\n\n\n<p>Email&nbsp;: <a href=\"mailto:reclamation@finaxy.com\">reclamation@finaxy.com<\/a><\/p>\n\n\n\n<p>Nous nous engageons \u00e0 traiter votre demande le plus rapidement et le plus objectivement possible. Vous recevrez un accus\u00e9 de r\u00e9ception dans un d\u00e9lai maximum de dix (10) jours ouvrables suivant la r\u00e9ception de votre r\u00e9clamation et une r\u00e9ponse vous sera apport\u00e9e dans un d\u00e9lai maximum de deux (2) mois suivant la r\u00e9ception de votre r\u00e9clamation.<\/p>\n\n\n\n<p>En cas d\u2019\u00e9chec de votre r\u00e9clamation, vous pouvez vous adresser au M\u00e9diateur de l\u2019Assurance (Site internet : www.mediation-assurance.org) par courrier \u00e0&nbsp;La M\u00e9diation de l\u2019Assurance, P\u00f4le CSCA, TSA 50110 75441 Paris CEDEX 09, ou par mail&nbsp;: <a href=\"mailto:le.mediateur@mediation-assurance.org\">le.mediateur@mediation-assurance.org<\/a>. Dans tous les cas, vous conservez la possibilit\u00e9 d\u2019intenter une action en justice, sans recours pr\u00e9alable \u00e0 la m\u00e9diation.<\/p>\n\n\n\n<p>[en cas de client\u00e8le particuliers et de site marchand]<\/p>\n\n\n\n<h3 class=\"wp-block-heading\"><strong><u>DELAI DE RETRACTATION<\/u><\/strong><\/h3>\n\n\n\n<ul class=\"wp-block-list\">\n<li>En application de l\u2019article L 112-9 du Code des Assurances, \u00ab <em>toute personne physique qui fait l&rsquo;objet d&rsquo;un d\u00e9marchage \u00e0 son domicile, \u00e0 sa r\u00e9sidence ou \u00e0 son lieu de travail, m\u00eame \u00e0 sa demande, et qui signe dans ce cadre une proposition d&rsquo;assurance ou un contrat \u00e0 des fins qui n&rsquo;entrent pas dans le cadre de son activit\u00e9 commerciale ou professionnelle, a la facult\u00e9 d&rsquo;y renoncer par lettre recommand\u00e9e ou par envoi recommand\u00e9 \u00e9lectronique avec demande d&rsquo;avis de r\u00e9ception pendant le d\u00e9lai de quatorze jours calendaires r\u00e9volus \u00e0 compter du jour de la conclusion du contrat, sans avoir \u00e0 justifier de motifs ni \u00e0 supporter de p\u00e9nalit\u00e9s <\/em>\u00bb.<\/li>\n<\/ul>\n\n\n\n<ul class=\"wp-block-list\">\n<li>Conform\u00e9ment \u00e0 l&rsquo;article L. 112-2-1 du code des assurances, si \u00e0 titre personnel, vous avez souscrit \u00e0 distance un contrat qui n&rsquo;entre pas dans le cadre de vos activit\u00e9s commerciales ou professionnelles, vous disposez de 14 jours calendaires pour renoncer au contrat sans justification.<\/li>\n<\/ul>\n\n\n\n<p>Toute renonciation doit \u00eatre formul\u00e9e par \u00e9crit et notifi\u00e9e par lettre simple, lettre recommand\u00e9e ou envoi recommand\u00e9 \u00e9lectronique avec demande d\u2019avis de r\u00e9ception adress\u00e9e \u00e0 JLM Assurances, 166 avenue de Grasse &#8211; 06400 Cannes, selon le mod\u00e8le suivant :<\/p>\n\n\n\n<p><em>\u00ab Je soussign\u00e9 (nom, pr\u00e9nom) demeurant\u2026(adresse) d\u00e9clare renoncer au contrat d\u2019assurance n\u00b0 \u2026.(num\u00e9ro de police et num\u00e9ro de contrat) que j\u2019avais souscrit le \u2026\u2026\u2026. Date et signature du souscripteur \u00bb.<\/em><\/p>\n\n\n\n<p>[uniquement en cas de client\u00e8le particuliers et de site marchand]<\/p>\n\n\n\n<h3 class=\"wp-block-heading\"><strong><u>DROIT D\u2019OPPOSITION DES CONSOMMATEURS AU DEMARCHAGE TELEPHONIQUE<\/u><\/strong> <\/h3>\n\n\n\n<p>Si vous \u00eates un consommateur et que vous ne souhaitez pas faire l\u2019objet de prospection commerciale par voie t\u00e9l\u00e9phonique, vous pouvez vous inscrire gratuitement sur la liste d\u2019opposition au d\u00e9marchage t\u00e9l\u00e9phonique sur le site internet <a href=\"http:\/\/www.bloctel.gouv.fr\">www.bloctel.gouv.fr<\/a>.<\/p>\n\n\n\n<p>JLM Assurances pourra cependant toujours vous contacter, directement, ou par l\u2019interm\u00e9diaire d\u2019un tiers agissant pour son compte, concernant votre contrat, ou pour vous proposer des produits ou services aff\u00e9rents ou compl\u00e9mentaires \u00e0 celui-ci ou de nature \u00e0 l&rsquo;am\u00e9liorer.<\/p>\n\n\n\n<p><\/p>\n","protected":false},"excerpt":{"rendered":"<p>INFORMATIONS RELATIVES A L\u2019IDENTITE DE L\u2019ENTREPRISE&nbsp;: Ce site est \u00e9dit\u00e9 par : JLM ASSURANCES SAS au capital de 2 018&nbsp;870 euros Si\u00e8ge social 74-78 Rue Anatole France, 92300 Levallois-Perret RCS NANTERRE 384946109 Num\u00e9ro de TVA intracommunautaire : FR86384946109 Soci\u00e9t\u00e9 de courtage en assurance, immatricul\u00e9e \u00e0 l\u2019ORIAS (registre des interm\u00e9diaires en [&hellip;]<\/p>\n","protected":false},"author":10,"featured_media":133,"parent":17,"menu_order":0,"comment_status":"closed","ping_status":"closed","template":"page-templates\/template-fullwidth.php","meta":{"footnotes":""},"class_list":["post-148","page","type-page","status-publish","has-post-thumbnail","hentry"],"yoast_head":"<!-- This site is optimized with the Yoast SEO plugin v25.9 - https:\/\/yoast.com\/wordpress\/plugins\/seo\/ -->\n<title>Mentions l\u00e9gales - JLM<\/title>\n<meta name=\"robots\" content=\"index, follow, max-snippet:-1, max-image-preview:large, max-video-preview:-1\" \/>\n<link rel=\"canonical\" href=\"https:\/\/jlm-assurance.com\/index.php\/home\/mentions-legales\/\" \/>\n<meta property=\"og:locale\" content=\"fr_FR\" \/>\n<meta property=\"og:type\" content=\"article\" \/>\n<meta property=\"og:title\" content=\"Mentions l\u00e9gales - JLM\" \/>\n<meta property=\"og:description\" content=\"INFORMATIONS RELATIVES A L\u2019IDENTITE DE L\u2019ENTREPRISE&nbsp;: Ce site est \u00e9dit\u00e9 par : JLM ASSURANCES SAS au capital de 2 018&nbsp;870 euros Si\u00e8ge social 74-78 Rue Anatole France, 92300 Levallois-Perret RCS NANTERRE 384946109 Num\u00e9ro de TVA intracommunautaire : FR86384946109 Soci\u00e9t\u00e9 de courtage en assurance, immatricul\u00e9e \u00e0 l\u2019ORIAS (registre des interm\u00e9diaires en [&hellip;]\" \/>\n<meta property=\"og:url\" content=\"https:\/\/jlm-assurance.com\/index.php\/home\/mentions-legales\/\" \/>\n<meta property=\"og:site_name\" content=\"JLM\" \/>\n<meta property=\"article:modified_time\" content=\"2024-02-05T14:43:49+00:00\" \/>\n<meta property=\"og:image\" content=\"https:\/\/jlm-assurance.com\/wp-content\/uploads\/2022\/06\/female-serious-estate-agent-discussing-house-building-plan-with-clients.jpg\" \/>\n\t<meta property=\"og:image:width\" content=\"1500\" \/>\n\t<meta property=\"og:image:height\" content=\"1000\" \/>\n\t<meta property=\"og:image:type\" content=\"image\/jpeg\" \/>\n<meta name=\"twitter:card\" content=\"summary_large_image\" \/>\n<meta name=\"twitter:label1\" content=\"Dur\u00e9e de lecture estim\u00e9e\" \/>\n\t<meta name=\"twitter:data1\" content=\"6 minutes\" \/>\n<script type=\"application\/ld+json\" class=\"yoast-schema-graph\">{\"@context\":\"https:\/\/schema.org\",\"@graph\":[{\"@type\":\"WebPage\",\"@id\":\"https:\/\/jlm-assurance.com\/index.php\/home\/mentions-legales\/\",\"url\":\"https:\/\/jlm-assurance.com\/index.php\/home\/mentions-legales\/\",\"name\":\"Mentions l\u00e9gales - JLM\",\"isPartOf\":{\"@id\":\"https:\/\/jlm-assurance.com\/#website\"},\"primaryImageOfPage\":{\"@id\":\"https:\/\/jlm-assurance.com\/index.php\/home\/mentions-legales\/#primaryimage\"},\"image\":{\"@id\":\"https:\/\/jlm-assurance.com\/index.php\/home\/mentions-legales\/#primaryimage\"},\"thumbnailUrl\":\"https:\/\/jlm-assurance.com\/wp-content\/uploads\/2022\/06\/female-serious-estate-agent-discussing-house-building-plan-with-clients.jpg.webp\",\"datePublished\":\"2022-06-21T13:34:14+00:00\",\"dateModified\":\"2024-02-05T14:43:49+00:00\",\"breadcrumb\":{\"@id\":\"https:\/\/jlm-assurance.com\/index.php\/home\/mentions-legales\/#breadcrumb\"},\"inLanguage\":\"fr-FR\",\"potentialAction\":[{\"@type\":\"ReadAction\",\"target\":[\"https:\/\/jlm-assurance.com\/index.php\/home\/mentions-legales\/\"]}]},{\"@type\":\"ImageObject\",\"inLanguage\":\"fr-FR\",\"@id\":\"https:\/\/jlm-assurance.com\/index.php\/home\/mentions-legales\/#primaryimage\",\"url\":\"https:\/\/jlm-assurance.com\/wp-content\/uploads\/2022\/06\/female-serious-estate-agent-discussing-house-building-plan-with-clients.jpg.webp\",\"contentUrl\":\"https:\/\/jlm-assurance.com\/wp-content\/uploads\/2022\/06\/female-serious-estate-agent-discussing-house-building-plan-with-clients.jpg.webp\",\"width\":1500,\"height\":1000,\"caption\":\"Conseil assurance\"},{\"@type\":\"BreadcrumbList\",\"@id\":\"https:\/\/jlm-assurance.com\/index.php\/home\/mentions-legales\/#breadcrumb\",\"itemListElement\":[{\"@type\":\"ListItem\",\"position\":1,\"name\":\"Accueil\",\"item\":\"https:\/\/jlm-assurance.com\/\"},{\"@type\":\"ListItem\",\"position\":2,\"name\":\"Accueil\",\"item\":\"https:\/\/jlm-assurance.com\/\"},{\"@type\":\"ListItem\",\"position\":3,\"name\":\"Mentions l\u00e9gales\"}]},{\"@type\":\"WebSite\",\"@id\":\"https:\/\/jlm-assurance.com\/#website\",\"url\":\"https:\/\/jlm-assurance.com\/\",\"name\":\"JLM\",\"description\":\"Agence de courtage en assurances\",\"publisher\":{\"@id\":\"https:\/\/jlm-assurance.com\/#organization\"},\"potentialAction\":[{\"@type\":\"SearchAction\",\"target\":{\"@type\":\"EntryPoint\",\"urlTemplate\":\"https:\/\/jlm-assurance.com\/?s={search_term_string}\"},\"query-input\":{\"@type\":\"PropertyValueSpecification\",\"valueRequired\":true,\"valueName\":\"search_term_string\"}}],\"inLanguage\":\"fr-FR\"},{\"@type\":\"Organization\",\"@id\":\"https:\/\/jlm-assurance.com\/#organization\",\"name\":\"JLM Assurances\",\"url\":\"https:\/\/jlm-assurance.com\/\",\"logo\":{\"@type\":\"ImageObject\",\"inLanguage\":\"fr-FR\",\"@id\":\"https:\/\/jlm-assurance.com\/#\/schema\/logo\/image\/\",\"url\":\"http:\/\/jlm-assurance.com\/wp-content\/uploads\/2022\/06\/Logo-JLM-Assurance.jpg\",\"contentUrl\":\"http:\/\/jlm-assurance.com\/wp-content\/uploads\/2022\/06\/Logo-JLM-Assurance.jpg\",\"width\":710,\"height\":190,\"caption\":\"JLM Assurances\"},\"image\":{\"@id\":\"https:\/\/jlm-assurance.com\/#\/schema\/logo\/image\/\"}}]}<\/script>\n<!-- \/ Yoast SEO plugin. -->","yoast_head_json":{"title":"Mentions l\u00e9gales - JLM","robots":{"index":"index","follow":"follow","max-snippet":"max-snippet:-1","max-image-preview":"max-image-preview:large","max-video-preview":"max-video-preview:-1"},"canonical":"https:\/\/jlm-assurance.com\/index.php\/home\/mentions-legales\/","og_locale":"fr_FR","og_type":"article","og_title":"Mentions l\u00e9gales - JLM","og_description":"INFORMATIONS RELATIVES A L\u2019IDENTITE DE L\u2019ENTREPRISE&nbsp;: Ce site est \u00e9dit\u00e9 par : JLM ASSURANCES SAS au capital de 2 018&nbsp;870 euros Si\u00e8ge social 74-78 Rue Anatole France, 92300 Levallois-Perret RCS NANTERRE 384946109 Num\u00e9ro de TVA intracommunautaire : FR86384946109 Soci\u00e9t\u00e9 de courtage en assurance, immatricul\u00e9e \u00e0 l\u2019ORIAS (registre des interm\u00e9diaires en [&hellip;]","og_url":"https:\/\/jlm-assurance.com\/index.php\/home\/mentions-legales\/","og_site_name":"JLM","article_modified_time":"2024-02-05T14:43:49+00:00","og_image":[{"width":1500,"height":1000,"url":"https:\/\/jlm-assurance.com\/wp-content\/uploads\/2022\/06\/female-serious-estate-agent-discussing-house-building-plan-with-clients.jpg","type":"image\/jpeg"}],"twitter_card":"summary_large_image","twitter_misc":{"Dur\u00e9e de lecture estim\u00e9e":"6 minutes"},"schema":{"@context":"https:\/\/schema.org","@graph":[{"@type":"WebPage","@id":"https:\/\/jlm-assurance.com\/index.php\/home\/mentions-legales\/","url":"https:\/\/jlm-assurance.com\/index.php\/home\/mentions-legales\/","name":"Mentions l\u00e9gales - JLM","isPartOf":{"@id":"https:\/\/jlm-assurance.com\/#website"},"primaryImageOfPage":{"@id":"https:\/\/jlm-assurance.com\/index.php\/home\/mentions-legales\/#primaryimage"},"image":{"@id":"https:\/\/jlm-assurance.com\/index.php\/home\/mentions-legales\/#primaryimage"},"thumbnailUrl":"https:\/\/jlm-assurance.com\/wp-content\/uploads\/2022\/06\/female-serious-estate-agent-discussing-house-building-plan-with-clients.jpg.webp","datePublished":"2022-06-21T13:34:14+00:00","dateModified":"2024-02-05T14:43:49+00:00","breadcrumb":{"@id":"https:\/\/jlm-assurance.com\/index.php\/home\/mentions-legales\/#breadcrumb"},"inLanguage":"fr-FR","potentialAction":[{"@type":"ReadAction","target":["https:\/\/jlm-assurance.com\/index.php\/home\/mentions-legales\/"]}]},{"@type":"ImageObject","inLanguage":"fr-FR","@id":"https:\/\/jlm-assurance.com\/index.php\/home\/mentions-legales\/#primaryimage","url":"https:\/\/jlm-assurance.com\/wp-content\/uploads\/2022\/06\/female-serious-estate-agent-discussing-house-building-plan-with-clients.jpg.webp","contentUrl":"https:\/\/jlm-assurance.com\/wp-content\/uploads\/2022\/06\/female-serious-estate-agent-discussing-house-building-plan-with-clients.jpg.webp","width":1500,"height":1000,"caption":"Conseil assurance"},{"@type":"BreadcrumbList","@id":"https:\/\/jlm-assurance.com\/index.php\/home\/mentions-legales\/#breadcrumb","itemListElement":[{"@type":"ListItem","position":1,"name":"Accueil","item":"https:\/\/jlm-assurance.com\/"},{"@type":"ListItem","position":2,"name":"Accueil","item":"https:\/\/jlm-assurance.com\/"},{"@type":"ListItem","position":3,"name":"Mentions l\u00e9gales"}]},{"@type":"WebSite","@id":"https:\/\/jlm-assurance.com\/#website","url":"https:\/\/jlm-assurance.com\/","name":"JLM","description":"Agence de courtage en assurances","publisher":{"@id":"https:\/\/jlm-assurance.com\/#organization"},"potentialAction":[{"@type":"SearchAction","target":{"@type":"EntryPoint","urlTemplate":"https:\/\/jlm-assurance.com\/?s={search_term_string}"},"query-input":{"@type":"PropertyValueSpecification","valueRequired":true,"valueName":"search_term_string"}}],"inLanguage":"fr-FR"},{"@type":"Organization","@id":"https:\/\/jlm-assurance.com\/#organization","name":"JLM Assurances","url":"https:\/\/jlm-assurance.com\/","logo":{"@type":"ImageObject","inLanguage":"fr-FR","@id":"https:\/\/jlm-assurance.com\/#\/schema\/logo\/image\/","url":"http:\/\/jlm-assurance.com\/wp-content\/uploads\/2022\/06\/Logo-JLM-Assurance.jpg","contentUrl":"http:\/\/jlm-assurance.com\/wp-content\/uploads\/2022\/06\/Logo-JLM-Assurance.jpg","width":710,"height":190,"caption":"JLM Assurances"},"image":{"@id":"https:\/\/jlm-assurance.com\/#\/schema\/logo\/image\/"}}]}},"_links":{"self":[{"href":"https:\/\/jlm-assurance.com\/index.php\/wp-json\/wp\/v2\/pages\/148","targetHints":{"allow":["GET"]}}],"collection":[{"href":"https:\/\/jlm-assurance.com\/index.php\/wp-json\/wp\/v2\/pages"}],"about":[{"href":"https:\/\/jlm-assurance.com\/index.php\/wp-json\/wp\/v2\/types\/page"}],"author":[{"embeddable":true,"href":"https:\/\/jlm-assurance.com\/index.php\/wp-json\/wp\/v2\/users\/10"}],"replies":[{"embeddable":true,"href":"https:\/\/jlm-assurance.com\/index.php\/wp-json\/wp\/v2\/comments?post=148"}],"version-history":[{"count":9,"href":"https:\/\/jlm-assurance.com\/index.php\/wp-json\/wp\/v2\/pages\/148\/revisions"}],"predecessor-version":[{"id":488,"href":"https:\/\/jlm-assurance.com\/index.php\/wp-json\/wp\/v2\/pages\/148\/revisions\/488"}],"up":[{"embeddable":true,"href":"https:\/\/jlm-assurance.com\/index.php\/wp-json\/wp\/v2\/pages\/17"}],"wp:featuredmedia":[{"embeddable":true,"href":"https:\/\/jlm-assurance.com\/index.php\/wp-json\/wp\/v2\/media\/133"}],"wp:attachment":[{"href":"https:\/\/jlm-assurance.com\/index.php\/wp-json\/wp\/v2\/media?parent=148"}],"curies":[{"name":"wp","href":"https:\/\/api.w.org\/{rel}","templated":true}]}}