{"id":159,"date":"2022-06-22T10:34:40","date_gmt":"2022-06-22T08:34:40","guid":{"rendered":"https:\/\/jlm-assurance.com\/?page_id=159"},"modified":"2026-03-12T10:45:36","modified_gmt":"2026-03-12T09:45:36","slug":"assurance-professionnelle","status":"publish","type":"page","link":"https:\/\/jlm-assurance.com\/index.php\/assurance-professionnelle\/","title":{"rendered":"Assurances professionnelles"},"content":{"rendered":"\n<p>L&rsquo;assurance professionnelle vous prot\u00e8ge des fameux \u00ab <em>al\u00e9as du m\u00e9tier \u00bb<\/em>. JLM couvre tous types de secteurs. Cela vous permet d&rsquo;obtenir une solution sur-mesure au meilleur tarif. Voici un r\u00e9sum\u00e9 de nos couvertures professionnelles :<\/p>\n\n\n\n<figure class=\"wp-block-gallery has-nested-images columns-default is-cropped wp-block-gallery-1 is-layout-flex wp-block-gallery-is-layout-flex\">\n<figure class=\"wp-block-image size-large\"><img loading=\"lazy\" decoding=\"async\" width=\"1024\" height=\"1024\" data-id=\"431\" src=\"https:\/\/jlm-assurance.com\/wp-content\/uploads\/2023\/01\/RC-PRO-1024x1024.jpg\" alt=\"\" class=\"wp-image-431\" srcset=\"https:\/\/jlm-assurance.com\/wp-content\/uploads\/2023\/01\/RC-PRO-1024x1024.jpg.webp 1024w, https:\/\/jlm-assurance.com\/wp-content\/uploads\/2023\/01\/RC-PRO-300x300.jpg.webp 300w, https:\/\/jlm-assurance.com\/wp-content\/uploads\/2023\/01\/RC-PRO-150x150.jpg.webp 150w, https:\/\/jlm-assurance.com\/wp-content\/uploads\/2023\/01\/RC-PRO-768x768.jpg.webp 768w, https:\/\/jlm-assurance.com\/wp-content\/uploads\/2023\/01\/RC-PRO-1536x1536.jpg.webp 1536w, https:\/\/jlm-assurance.com\/wp-content\/uploads\/2023\/01\/RC-PRO-2048x2048.jpg.webp 2048w\" sizes=\"auto, (max-width: 1024px) 100vw, 1024px\" \/><figcaption class=\"wp-element-caption\"><strong>RC D\u00e9c\u00e9nnale<\/strong><\/figcaption><\/figure>\n\n\n\n<figure class=\"wp-block-image size-large\"><img loading=\"lazy\" decoding=\"async\" width=\"1024\" height=\"1024\" data-id=\"326\" src=\"https:\/\/jlm-assurance.com\/wp-content\/uploads\/2022\/11\/Sante-et-Prevoyance-du-professionnel-1024x1024.jpg\" alt=\"\" class=\"wp-image-326\" srcset=\"https:\/\/jlm-assurance.com\/wp-content\/uploads\/2022\/11\/Sante-et-Prevoyance-du-professionnel-1024x1024.jpg.webp 1024w, https:\/\/jlm-assurance.com\/wp-content\/uploads\/2022\/11\/Sante-et-Prevoyance-du-professionnel-300x300.jpg.webp 300w, https:\/\/jlm-assurance.com\/wp-content\/uploads\/2022\/11\/Sante-et-Prevoyance-du-professionnel-150x150.jpg.webp 150w, https:\/\/jlm-assurance.com\/wp-content\/uploads\/2022\/11\/Sante-et-Prevoyance-du-professionnel-768x767.jpg.webp 768w, https:\/\/jlm-assurance.com\/wp-content\/uploads\/2022\/11\/Sante-et-Prevoyance-du-professionnel.jpg.webp 1424w\" sizes=\"auto, (max-width: 1024px) 100vw, 1024px\" \/><figcaption class=\"wp-element-caption\"><strong>Sant\u00e9 et Pr\u00e9voyance du Professionnel<\/strong><\/figcaption><\/figure>\n\n\n\n<figure class=\"wp-block-image size-large\"><img loading=\"lazy\" decoding=\"async\" width=\"1024\" height=\"1024\" data-id=\"430\" src=\"https:\/\/jlm-assurance.com\/wp-content\/uploads\/2023\/01\/BOULANGER-1024x1024.jpg\" alt=\"\" class=\"wp-image-430\" srcset=\"https:\/\/jlm-assurance.com\/wp-content\/uploads\/2023\/01\/BOULANGER-1024x1024.jpg.webp 1024w, https:\/\/jlm-assurance.com\/wp-content\/uploads\/2023\/01\/BOULANGER-300x300.jpg.webp 300w, https:\/\/jlm-assurance.com\/wp-content\/uploads\/2023\/01\/BOULANGER-150x150.jpg.webp 150w, https:\/\/jlm-assurance.com\/wp-content\/uploads\/2023\/01\/BOULANGER-768x768.jpg.webp 768w, https:\/\/jlm-assurance.com\/wp-content\/uploads\/2023\/01\/BOULANGER-1536x1536.jpg.webp 1536w, https:\/\/jlm-assurance.com\/wp-content\/uploads\/2023\/01\/BOULANGER-2048x2048.jpg.webp 2048w\" sizes=\"auto, (max-width: 1024px) 100vw, 1024px\" \/><figcaption class=\"wp-element-caption\"><strong>RC Professionnelle<\/strong><\/figcaption><\/figure>\n<\/figure>\n\n\n\n<div style=\"height:14px\" aria-hidden=\"true\" class=\"wp-block-spacer\"><\/div>\n\n\n\n<figure class=\"wp-block-gallery has-nested-images columns-default is-cropped wp-block-gallery-2 is-layout-flex wp-block-gallery-is-layout-flex\">\n<figure class=\"wp-block-image size-full\"><img loading=\"lazy\" decoding=\"async\" width=\"854\" height=\"853\" data-id=\"402\" src=\"https:\/\/jlm-assurance.com\/wp-content\/uploads\/2022\/11\/business-partners-celebrating-contract-signing-Copie-1.jpg\" alt=\"\" class=\"wp-image-402\" srcset=\"https:\/\/jlm-assurance.com\/wp-content\/uploads\/2022\/11\/business-partners-celebrating-contract-signing-Copie-1.jpg.webp 854w, https:\/\/jlm-assurance.com\/wp-content\/uploads\/2022\/11\/business-partners-celebrating-contract-signing-Copie-1-300x300.jpg.webp 300w, https:\/\/jlm-assurance.com\/wp-content\/uploads\/2022\/11\/business-partners-celebrating-contract-signing-Copie-1-150x150.jpg.webp 150w, https:\/\/jlm-assurance.com\/wp-content\/uploads\/2022\/11\/business-partners-celebrating-contract-signing-Copie-1-768x767.jpg.webp 768w\" sizes=\"auto, (max-width: 854px) 100vw, 854px\" \/><figcaption class=\"wp-element-caption\"><strong>Multirisque Professionnelle<\/strong><\/figcaption><\/figure>\n\n\n\n<figure class=\"wp-block-image size-large\"><img loading=\"lazy\" decoding=\"async\" width=\"1024\" height=\"1024\" data-id=\"434\" src=\"https:\/\/jlm-assurance.com\/wp-content\/uploads\/2023\/01\/FLOTTE-AUTO-1024x1024.jpg\" alt=\"\" class=\"wp-image-434\" srcset=\"https:\/\/jlm-assurance.com\/wp-content\/uploads\/2023\/01\/FLOTTE-AUTO-1024x1024.jpg.webp 1024w, https:\/\/jlm-assurance.com\/wp-content\/uploads\/2023\/01\/FLOTTE-AUTO-300x300.jpg.webp 300w, https:\/\/jlm-assurance.com\/wp-content\/uploads\/2023\/01\/FLOTTE-AUTO-150x150.jpg.webp 150w, https:\/\/jlm-assurance.com\/wp-content\/uploads\/2023\/01\/FLOTTE-AUTO-768x768.jpg.webp 768w, https:\/\/jlm-assurance.com\/wp-content\/uploads\/2023\/01\/FLOTTE-AUTO-1536x1536.jpg.webp 1536w, https:\/\/jlm-assurance.com\/wp-content\/uploads\/2023\/01\/FLOTTE-AUTO-2048x2048.jpg.webp 2048w\" sizes=\"auto, (max-width: 1024px) 100vw, 1024px\" \/><figcaption class=\"wp-element-caption\"><strong>Flotte Automobile Professionnelle<\/strong><\/figcaption><\/figure>\n\n\n\n<figure class=\"wp-block-image size-large\"><img loading=\"lazy\" decoding=\"async\" width=\"1024\" height=\"1024\" data-id=\"327\" src=\"https:\/\/jlm-assurance.com\/wp-content\/uploads\/2022\/11\/CYBER-1024x1024.jpg\" alt=\"\" class=\"wp-image-327\" srcset=\"https:\/\/jlm-assurance.com\/wp-content\/uploads\/2022\/11\/CYBER-1024x1024.jpg.webp 1024w, https:\/\/jlm-assurance.com\/wp-content\/uploads\/2022\/11\/CYBER-300x300.jpg.webp 300w, https:\/\/jlm-assurance.com\/wp-content\/uploads\/2022\/11\/CYBER-150x150.jpg.webp 150w, https:\/\/jlm-assurance.com\/wp-content\/uploads\/2022\/11\/CYBER-768x768.jpg.webp 768w, https:\/\/jlm-assurance.com\/wp-content\/uploads\/2022\/11\/CYBER.jpg.webp 1281w\" sizes=\"auto, (max-width: 1024px) 100vw, 1024px\" \/><figcaption class=\"wp-element-caption\"><strong>Risque Cyber<\/strong><\/figcaption><\/figure>\n<\/figure>\n\n\n\n<div style=\"height:14px\" aria-hidden=\"true\" class=\"wp-block-spacer\"><\/div>\n\n\n\n<figure class=\"wp-block-gallery has-nested-images columns-default is-cropped wp-block-gallery-3 is-layout-flex wp-block-gallery-is-layout-flex\">\n<figure class=\"wp-block-image size-large\"><img loading=\"lazy\" decoding=\"async\" width=\"1024\" height=\"1024\" data-id=\"325\" src=\"https:\/\/jlm-assurance.com\/wp-content\/uploads\/2022\/11\/RC-PRO-1024x1024.jpg\" alt=\"\" class=\"wp-image-325\" srcset=\"https:\/\/jlm-assurance.com\/wp-content\/uploads\/2022\/11\/RC-PRO-1024x1024.jpg.webp 1024w, https:\/\/jlm-assurance.com\/wp-content\/uploads\/2022\/11\/RC-PRO-300x300.jpg.webp 300w, https:\/\/jlm-assurance.com\/wp-content\/uploads\/2022\/11\/RC-PRO-150x150.jpg.webp 150w, https:\/\/jlm-assurance.com\/wp-content\/uploads\/2022\/11\/RC-PRO-768x768.jpg.webp 768w, https:\/\/jlm-assurance.com\/wp-content\/uploads\/2022\/11\/RC-PRO.jpg.webp 1282w\" sizes=\"auto, (max-width: 1024px) 100vw, 1024px\" \/><figcaption class=\"wp-element-caption\"><strong>Dommages-ouvrages<\/strong><\/figcaption><\/figure>\n\n\n\n<figure class=\"wp-block-image size-large\"><img loading=\"lazy\" decoding=\"async\" width=\"1024\" height=\"1024\" data-id=\"331\" src=\"https:\/\/jlm-assurance.com\/wp-content\/uploads\/2022\/11\/loi-3-1024x1024.jpg\" alt=\"\" class=\"wp-image-331\" srcset=\"https:\/\/jlm-assurance.com\/wp-content\/uploads\/2022\/11\/loi-3-1024x1024.jpg.webp 1024w, https:\/\/jlm-assurance.com\/wp-content\/uploads\/2022\/11\/loi-3-300x300.jpg.webp 300w, https:\/\/jlm-assurance.com\/wp-content\/uploads\/2022\/11\/loi-3-150x150.jpg.webp 150w, https:\/\/jlm-assurance.com\/wp-content\/uploads\/2022\/11\/loi-3-768x768.jpg.webp 768w, https:\/\/jlm-assurance.com\/wp-content\/uploads\/2022\/11\/loi-3-1536x1536.jpg.webp 1536w, https:\/\/jlm-assurance.com\/wp-content\/uploads\/2022\/11\/loi-3.jpg.webp 1917w\" sizes=\"auto, (max-width: 1024px) 100vw, 1024px\" \/><figcaption class=\"wp-element-caption\"><strong>Protection Juridique Professionnelle<\/strong><\/figcaption><\/figure>\n<\/figure>\n\n\n\n<div style=\"height:14px\" aria-hidden=\"true\" class=\"wp-block-spacer\"><\/div>\n\n\n\n<hr class=\"wp-block-separator has-text-color has-background-color-color has-alpha-channel-opacity has-background-color-background-color has-background\"\/>\n\n\n\n<h3 class=\"wp-block-heading\"><strong>Obtenir un devis<\/strong><\/h3>\n\n\n<div class=\"wpforms-container wpforms-container-full wpforms-block wpforms-block-8c1e08fd-e74a-4537-b121-2d939daa90ff\" id=\"wpforms-114\"><form id=\"wpforms-form-114\" class=\"wpforms-validate wpforms-form\" data-formid=\"114\" method=\"post\" enctype=\"multipart\/form-data\" action=\"\/index.php\/wp-json\/wp\/v2\/pages\/159\" data-token=\"ec39d132202b535cb58ee22c8fab1ed7\" data-token-time=\"1778678001\"><noscript class=\"wpforms-error-noscript\">Veuillez activer JavaScript dans votre navigateur pour remplir ce formulaire.<\/noscript><div class=\"wpforms-field-container\"><div id=\"wpforms-114-field_0-container\" class=\"wpforms-field wpforms-field-name wpforms-one-half wpforms-first\" data-field-id=\"0\"><label class=\"wpforms-field-label wpforms-label-hide\" for=\"wpforms-114-field_0\">Nom  <span class=\"wpforms-required-label\">*<\/span><\/label><input type=\"text\" id=\"wpforms-114-field_0\" class=\"wpforms-field-large wpforms-field-required\" name=\"wpforms[fields][0]\" placeholder=\"Votre Nom et Pr\u00e9nom\" required><\/div><div id=\"wpforms-114-field_3-container\" class=\"wpforms-field wpforms-field-email wpforms-one-half\" data-field-id=\"3\"><label class=\"wpforms-field-label wpforms-label-hide\" for=\"wpforms-114-field_3\">Email <span class=\"wpforms-required-label\">*<\/span><\/label><input type=\"email\" id=\"wpforms-114-field_3\" class=\"wpforms-field-large wpforms-field-required\" name=\"wpforms[fields][3]\" placeholder=\"Votre E-mail\" spellcheck=\"false\" required><\/div><div id=\"wpforms-114-field_4-container\" class=\"wpforms-field wpforms-field-text\" data-field-id=\"4\"><label class=\"wpforms-field-label wpforms-label-hide\" for=\"wpforms-114-field_4\">Sujet<\/label><input type=\"text\" id=\"wpforms-114-field_4\" class=\"wpforms-field-large\" name=\"wpforms[fields][4]\" placeholder=\"Sujet de votre demande\" ><\/div><div id=\"wpforms-114-field_2-container\" class=\"wpforms-field wpforms-field-textarea\" data-field-id=\"2\"><label class=\"wpforms-field-label wpforms-label-hide\" for=\"wpforms-114-field_2\">Message <span class=\"wpforms-required-label\">*<\/span><\/label><textarea id=\"wpforms-114-field_2\" class=\"wpforms-field-medium wpforms-field-required\" name=\"wpforms[fields][2]\" placeholder=\"Votre message\" required><\/textarea><\/div><\/div><!-- .wpforms-field-container --><div class=\"wpforms-submit-container\" ><input type=\"hidden\" name=\"wpforms[id]\" value=\"114\"><input type=\"hidden\" name=\"page_title\" value=\"\"><input type=\"hidden\" name=\"page_url\" value=\"https:\/\/jlm-assurance.com\/index.php\/wp-json\/wp\/v2\/pages\/159\"><input type=\"hidden\" name=\"url_referer\" value=\"\"><button type=\"submit\" name=\"wpforms[submit]\" id=\"wpforms-submit-114\" class=\"wpforms-submit\" data-alt-text=\"Envoi en cours...\" data-submit-text=\"Envoyer\" aria-live=\"assertive\" value=\"wpforms-submit\">Envoyer<\/button><\/div><\/form><\/div>  <!-- .wpforms-container -->\n\n\n<div style=\"height:22px\" aria-hidden=\"true\" class=\"wp-block-spacer\"><\/div>\n\n\n\n<div class=\"wp-block-buttons is-layout-flex wp-block-buttons-is-layout-flex\">\n<div class=\"wp-block-button aligncenter is-style-outline is-style-outline--4\"><a class=\"wp-block-button__link has-header-gradient-color has-text-color wp-element-button\" href=\"https:\/\/jlm-assurance.com\/index.php\/home\/nous-contacter\/\" style=\"border-radius:0px\" target=\"_blank\" rel=\"noreferrer noopener\">Nous contacter<\/a><\/div>\n<\/div>\n\n\n\n<div style=\"height:24px\" aria-hidden=\"true\" class=\"wp-block-spacer\"><\/div>\n","protected":false},"excerpt":{"rendered":"<p>L&rsquo;assurance professionnelle vous prot\u00e8ge des fameux \u00ab al\u00e9as du m\u00e9tier \u00bb. JLM couvre tous types de secteurs. Cela vous permet d&rsquo;obtenir une solution sur-mesure au meilleur tarif. Voici un r\u00e9sum\u00e9 de nos couvertures professionnelles : Obtenir un devis<\/p>\n","protected":false},"author":10,"featured_media":325,"parent":0,"menu_order":0,"comment_status":"closed","ping_status":"closed","template":"","meta":{"footnotes":""},"class_list":["post-159","page","type-page","status-publish","has-post-thumbnail","hentry"],"yoast_head":"<!-- This site is optimized with the Yoast SEO plugin v27.3 - https:\/\/yoast.com\/product\/yoast-seo-wordpress\/ -->\n<title>Assurances professionnelles - JLM<\/title>\n<meta name=\"description\" content=\"L&#039;assurance professionnelle vous couvre des fameux &quot;al\u00e9as du m\u00e9tier&quot;. JLM Assurances offre des solutions \u00e0 tous types de secteurs.\" \/>\n<meta name=\"robots\" content=\"index, follow, max-snippet:-1, max-image-preview:large, max-video-preview:-1\" \/>\n<link rel=\"canonical\" href=\"https:\/\/jlm-assurance.com\/index.php\/assurance-professionnelle\/\" \/>\n<meta property=\"og:locale\" content=\"fr_FR\" \/>\n<meta property=\"og:type\" content=\"article\" \/>\n<meta property=\"og:title\" content=\"Assurances professionnelles - JLM\" \/>\n<meta property=\"og:description\" content=\"L&#039;assurance professionnelle vous couvre des fameux &quot;al\u00e9as du m\u00e9tier&quot;. JLM Assurances offre des solutions \u00e0 tous types de secteurs.\" \/>\n<meta property=\"og:url\" content=\"https:\/\/jlm-assurance.com\/index.php\/assurance-professionnelle\/\" \/>\n<meta property=\"og:site_name\" content=\"JLM\" \/>\n<meta property=\"article:modified_time\" content=\"2026-03-12T09:45:36+00:00\" \/>\n<meta property=\"og:image\" content=\"https:\/\/jlm-assurance.com\/wp-content\/uploads\/2022\/11\/RC-PRO.jpg.webp\" \/>\n\t<meta property=\"og:image:width\" content=\"1282\" \/>\n\t<meta property=\"og:image:height\" content=\"1282\" \/>\n\t<meta property=\"og:image:type\" content=\"image\/jpeg\" \/>\n<meta name=\"twitter:card\" content=\"summary_large_image\" \/>\n<meta name=\"twitter:label1\" content=\"Dur\u00e9e de lecture estim\u00e9e\" \/>\n\t<meta name=\"twitter:data1\" content=\"3 minutes\" \/>\n<script type=\"application\/ld+json\" class=\"yoast-schema-graph\">{\"@context\":\"https:\\\/\\\/schema.org\",\"@graph\":[{\"@type\":\"WebPage\",\"@id\":\"https:\\\/\\\/jlm-assurance.com\\\/index.php\\\/assurance-professionnelle\\\/\",\"url\":\"https:\\\/\\\/jlm-assurance.com\\\/index.php\\\/assurance-professionnelle\\\/\",\"name\":\"Assurances professionnelles - JLM\",\"isPartOf\":{\"@id\":\"https:\\\/\\\/jlm-assurance.com\\\/#website\"},\"primaryImageOfPage\":{\"@id\":\"https:\\\/\\\/jlm-assurance.com\\\/index.php\\\/assurance-professionnelle\\\/#primaryimage\"},\"image\":{\"@id\":\"https:\\\/\\\/jlm-assurance.com\\\/index.php\\\/assurance-professionnelle\\\/#primaryimage\"},\"thumbnailUrl\":\"https:\\\/\\\/jlm-assurance.com\\\/wp-content\\\/uploads\\\/2022\\\/11\\\/RC-PRO.jpg.webp\",\"datePublished\":\"2022-06-22T08:34:40+00:00\",\"dateModified\":\"2026-03-12T09:45:36+00:00\",\"description\":\"L'assurance professionnelle vous couvre des fameux \\\"al\u00e9as du m\u00e9tier\\\". JLM Assurances offre des solutions \u00e0 tous types de secteurs.\",\"breadcrumb\":{\"@id\":\"https:\\\/\\\/jlm-assurance.com\\\/index.php\\\/assurance-professionnelle\\\/#breadcrumb\"},\"inLanguage\":\"fr-FR\",\"potentialAction\":[{\"@type\":\"ReadAction\",\"target\":[\"https:\\\/\\\/jlm-assurance.com\\\/index.php\\\/assurance-professionnelle\\\/\"]}]},{\"@type\":\"ImageObject\",\"inLanguage\":\"fr-FR\",\"@id\":\"https:\\\/\\\/jlm-assurance.com\\\/index.php\\\/assurance-professionnelle\\\/#primaryimage\",\"url\":\"https:\\\/\\\/jlm-assurance.com\\\/wp-content\\\/uploads\\\/2022\\\/11\\\/RC-PRO.jpg.webp\",\"contentUrl\":\"https:\\\/\\\/jlm-assurance.com\\\/wp-content\\\/uploads\\\/2022\\\/11\\\/RC-PRO.jpg.webp\",\"width\":1282,\"height\":1282,\"caption\":\"Assurance professionnelle\"},{\"@type\":\"BreadcrumbList\",\"@id\":\"https:\\\/\\\/jlm-assurance.com\\\/index.php\\\/assurance-professionnelle\\\/#breadcrumb\",\"itemListElement\":[{\"@type\":\"ListItem\",\"position\":1,\"name\":\"Accueil\",\"item\":\"https:\\\/\\\/jlm-assurance.com\\\/\"},{\"@type\":\"ListItem\",\"position\":2,\"name\":\"Assurances professionnelles\"}]},{\"@type\":\"WebSite\",\"@id\":\"https:\\\/\\\/jlm-assurance.com\\\/#website\",\"url\":\"https:\\\/\\\/jlm-assurance.com\\\/\",\"name\":\"JLM\",\"description\":\"Agence de courtage en assurances\",\"publisher\":{\"@id\":\"https:\\\/\\\/jlm-assurance.com\\\/#organization\"},\"potentialAction\":[{\"@type\":\"SearchAction\",\"target\":{\"@type\":\"EntryPoint\",\"urlTemplate\":\"https:\\\/\\\/jlm-assurance.com\\\/?s={search_term_string}\"},\"query-input\":{\"@type\":\"PropertyValueSpecification\",\"valueRequired\":true,\"valueName\":\"search_term_string\"}}],\"inLanguage\":\"fr-FR\"},{\"@type\":\"Organization\",\"@id\":\"https:\\\/\\\/jlm-assurance.com\\\/#organization\",\"name\":\"JLM Assurances\",\"url\":\"https:\\\/\\\/jlm-assurance.com\\\/\",\"logo\":{\"@type\":\"ImageObject\",\"inLanguage\":\"fr-FR\",\"@id\":\"https:\\\/\\\/jlm-assurance.com\\\/#\\\/schema\\\/logo\\\/image\\\/\",\"url\":\"http:\\\/\\\/jlm-assurance.com\\\/wp-content\\\/uploads\\\/2022\\\/06\\\/Logo-JLM-Assurance.jpg\",\"contentUrl\":\"http:\\\/\\\/jlm-assurance.com\\\/wp-content\\\/uploads\\\/2022\\\/06\\\/Logo-JLM-Assurance.jpg\",\"width\":710,\"height\":190,\"caption\":\"JLM Assurances\"},\"image\":{\"@id\":\"https:\\\/\\\/jlm-assurance.com\\\/#\\\/schema\\\/logo\\\/image\\\/\"}}]}<\/script>\n<!-- \/ Yoast SEO plugin. -->","yoast_head_json":{"title":"Assurances professionnelles - JLM","description":"L'assurance professionnelle vous couvre des fameux \"al\u00e9as du m\u00e9tier\". JLM Assurances offre des solutions \u00e0 tous types de secteurs.","robots":{"index":"index","follow":"follow","max-snippet":"max-snippet:-1","max-image-preview":"max-image-preview:large","max-video-preview":"max-video-preview:-1"},"canonical":"https:\/\/jlm-assurance.com\/index.php\/assurance-professionnelle\/","og_locale":"fr_FR","og_type":"article","og_title":"Assurances professionnelles - JLM","og_description":"L'assurance professionnelle vous couvre des fameux \"al\u00e9as du m\u00e9tier\". JLM Assurances offre des solutions \u00e0 tous types de secteurs.","og_url":"https:\/\/jlm-assurance.com\/index.php\/assurance-professionnelle\/","og_site_name":"JLM","article_modified_time":"2026-03-12T09:45:36+00:00","og_image":[{"width":1282,"height":1282,"url":"https:\/\/jlm-assurance.com\/wp-content\/uploads\/2022\/11\/RC-PRO.jpg.webp","type":"image\/jpeg"}],"twitter_card":"summary_large_image","twitter_misc":{"Dur\u00e9e de lecture estim\u00e9e":"3 minutes"},"schema":{"@context":"https:\/\/schema.org","@graph":[{"@type":"WebPage","@id":"https:\/\/jlm-assurance.com\/index.php\/assurance-professionnelle\/","url":"https:\/\/jlm-assurance.com\/index.php\/assurance-professionnelle\/","name":"Assurances professionnelles - JLM","isPartOf":{"@id":"https:\/\/jlm-assurance.com\/#website"},"primaryImageOfPage":{"@id":"https:\/\/jlm-assurance.com\/index.php\/assurance-professionnelle\/#primaryimage"},"image":{"@id":"https:\/\/jlm-assurance.com\/index.php\/assurance-professionnelle\/#primaryimage"},"thumbnailUrl":"https:\/\/jlm-assurance.com\/wp-content\/uploads\/2022\/11\/RC-PRO.jpg.webp","datePublished":"2022-06-22T08:34:40+00:00","dateModified":"2026-03-12T09:45:36+00:00","description":"L'assurance professionnelle vous couvre des fameux \"al\u00e9as du m\u00e9tier\". JLM Assurances offre des solutions \u00e0 tous types de secteurs.","breadcrumb":{"@id":"https:\/\/jlm-assurance.com\/index.php\/assurance-professionnelle\/#breadcrumb"},"inLanguage":"fr-FR","potentialAction":[{"@type":"ReadAction","target":["https:\/\/jlm-assurance.com\/index.php\/assurance-professionnelle\/"]}]},{"@type":"ImageObject","inLanguage":"fr-FR","@id":"https:\/\/jlm-assurance.com\/index.php\/assurance-professionnelle\/#primaryimage","url":"https:\/\/jlm-assurance.com\/wp-content\/uploads\/2022\/11\/RC-PRO.jpg.webp","contentUrl":"https:\/\/jlm-assurance.com\/wp-content\/uploads\/2022\/11\/RC-PRO.jpg.webp","width":1282,"height":1282,"caption":"Assurance professionnelle"},{"@type":"BreadcrumbList","@id":"https:\/\/jlm-assurance.com\/index.php\/assurance-professionnelle\/#breadcrumb","itemListElement":[{"@type":"ListItem","position":1,"name":"Accueil","item":"https:\/\/jlm-assurance.com\/"},{"@type":"ListItem","position":2,"name":"Assurances professionnelles"}]},{"@type":"WebSite","@id":"https:\/\/jlm-assurance.com\/#website","url":"https:\/\/jlm-assurance.com\/","name":"JLM","description":"Agence de courtage en assurances","publisher":{"@id":"https:\/\/jlm-assurance.com\/#organization"},"potentialAction":[{"@type":"SearchAction","target":{"@type":"EntryPoint","urlTemplate":"https:\/\/jlm-assurance.com\/?s={search_term_string}"},"query-input":{"@type":"PropertyValueSpecification","valueRequired":true,"valueName":"search_term_string"}}],"inLanguage":"fr-FR"},{"@type":"Organization","@id":"https:\/\/jlm-assurance.com\/#organization","name":"JLM Assurances","url":"https:\/\/jlm-assurance.com\/","logo":{"@type":"ImageObject","inLanguage":"fr-FR","@id":"https:\/\/jlm-assurance.com\/#\/schema\/logo\/image\/","url":"http:\/\/jlm-assurance.com\/wp-content\/uploads\/2022\/06\/Logo-JLM-Assurance.jpg","contentUrl":"http:\/\/jlm-assurance.com\/wp-content\/uploads\/2022\/06\/Logo-JLM-Assurance.jpg","width":710,"height":190,"caption":"JLM Assurances"},"image":{"@id":"https:\/\/jlm-assurance.com\/#\/schema\/logo\/image\/"}}]}},"_links":{"self":[{"href":"https:\/\/jlm-assurance.com\/index.php\/wp-json\/wp\/v2\/pages\/159","targetHints":{"allow":["GET"]}}],"collection":[{"href":"https:\/\/jlm-assurance.com\/index.php\/wp-json\/wp\/v2\/pages"}],"about":[{"href":"https:\/\/jlm-assurance.com\/index.php\/wp-json\/wp\/v2\/types\/page"}],"author":[{"embeddable":true,"href":"https:\/\/jlm-assurance.com\/index.php\/wp-json\/wp\/v2\/users\/10"}],"replies":[{"embeddable":true,"href":"https:\/\/jlm-assurance.com\/index.php\/wp-json\/wp\/v2\/comments?post=159"}],"version-history":[{"count":19,"href":"https:\/\/jlm-assurance.com\/index.php\/wp-json\/wp\/v2\/pages\/159\/revisions"}],"predecessor-version":[{"id":543,"href":"https:\/\/jlm-assurance.com\/index.php\/wp-json\/wp\/v2\/pages\/159\/revisions\/543"}],"wp:featuredmedia":[{"embeddable":true,"href":"https:\/\/jlm-assurance.com\/index.php\/wp-json\/wp\/v2\/media\/325"}],"wp:attachment":[{"href":"https:\/\/jlm-assurance.com\/index.php\/wp-json\/wp\/v2\/media?parent=159"}],"curies":[{"name":"wp","href":"https:\/\/api.w.org\/{rel}","templated":true}]}}