{"id":17,"date":"2022-06-08T18:03:15","date_gmt":"2022-06-08T16:03:15","guid":{"rendered":"http:\/\/jlm-assurance.com\/?page_id=17"},"modified":"2023-08-03T14:36:11","modified_gmt":"2023-08-03T12:36:11","slug":"home","status":"publish","type":"page","link":"https:\/\/jlm-assurance.com\/","title":{"rendered":"Accueil"},"content":{"rendered":"\n<div class=\"wp-block-cover alignfull is-light hestia-clear-top-padding\" style=\"min-height:630px;aspect-ratio:unset;\"><span aria-hidden=\"true\" class=\"wp-block-cover__background has-white-background-color has-background-dim-100 has-background-dim\"><\/span><div class=\"wp-block-cover__inner-container is-layout-flow wp-block-cover-is-layout-flow\">\n<h2 class=\"has-text-align-center has-text-color wp-block-heading\" style=\"color:#3c4858\">Nos produits d&rsquo;assurance<\/h2>\n\n\n\n<div style=\"height:40px\" aria-hidden=\"true\" class=\"wp-block-spacer\"><\/div>\n\n\n\n<div class=\"wp-block-columns container is-layout-flex wp-container-core-columns-is-layout-9d6595d7 wp-block-columns-is-layout-flex\">\n<div class=\"wp-block-column is-layout-flow wp-block-column-is-layout-flow\"><div class=\"wp-block-image\">\n<figure class=\"aligncenter size-full is-resized\"><a href=\"https:\/\/jlm-assurance.com\/index.php\/assurances-particuliers\/\"><img loading=\"lazy\" decoding=\"async\" src=\"https:\/\/jlm-assurance.com\/wp-content\/uploads\/2022\/06\/iconewebciel2_Plan-de-travail-1.png\" alt=\"\" class=\"wp-image-107\" width=\"100\" height=\"100\" srcset=\"https:\/\/jlm-assurance.com\/wp-content\/uploads\/2022\/06\/iconewebciel2_Plan-de-travail-1.png.webp 500w, https:\/\/jlm-assurance.com\/wp-content\/uploads\/2022\/06\/iconewebciel2_Plan-de-travail-1-300x300.png.webp 300w, https:\/\/jlm-assurance.com\/wp-content\/uploads\/2022\/06\/iconewebciel2_Plan-de-travail-1-150x150.png.webp 150w\" sizes=\"auto, (max-width: 100px) 100vw, 100px\" \/><\/a><\/figure><\/div>\n\n\n<h5 class=\"has-text-align-center has-text-color wp-block-heading\" style=\"color:#3c4858;font-size:18px\"><a href=\"https:\/\/jlm-assurance.com\/index.php\/assurances-particuliers\/\" target=\"_blank\" rel=\"noreferrer noopener\">Assurances particuliers<\/a><\/h5>\n\n\n\n<p class=\"has-text-align-center has-text-color\" style=\"color:#999999;font-size:14px\">Assurance sant\u00e9, habitation, voiture, obs\u00e8ques, Pr\u00e9voyance Individuelle et Collective.<\/p>\n\n\n\n<div style=\"height:25px\" aria-hidden=\"true\" class=\"wp-block-spacer\"><\/div>\n<\/div>\n\n\n\n<div class=\"wp-block-column is-layout-flow wp-block-column-is-layout-flow\"><div class=\"wp-block-image\">\n<figure class=\"aligncenter size-thumbnail is-resized\"><a href=\"https:\/\/jlm-assurance.com\/index.php\/assurance-professionnelle\/\"><img loading=\"lazy\" decoding=\"async\" src=\"https:\/\/jlm-assurance.com\/wp-content\/uploads\/2022\/06\/iconeweb_Plan-de-travail-1-1-150x150.png\" alt=\"\" class=\"wp-image-110\" width=\"100\" height=\"100\" srcset=\"https:\/\/jlm-assurance.com\/wp-content\/uploads\/2022\/06\/iconeweb_Plan-de-travail-1-1-150x150.png.webp 150w, https:\/\/jlm-assurance.com\/wp-content\/uploads\/2022\/06\/iconeweb_Plan-de-travail-1-1-300x300.png.webp 300w, https:\/\/jlm-assurance.com\/wp-content\/uploads\/2022\/06\/iconeweb_Plan-de-travail-1-1.png.webp 500w\" sizes=\"auto, (max-width: 100px) 100vw, 100px\" \/><\/a><\/figure><\/div>\n\n\n<h5 class=\"has-text-align-center has-text-color wp-block-heading\" style=\"color:#3c4858;font-size:18px\"><a href=\"https:\/\/jlm-assurance.com\/index.php\/assurance-professionnelle\/\" target=\"_blank\" rel=\"noreferrer noopener\">Assurances professionnelles<\/a><\/h5>\n\n\n\n<p class=\"has-text-align-center has-text-color\" style=\"color:#999999;font-size:14px\"> Assurances RC Professionnelle, RC D\u00e9cennale, Multirisque Professionnelle\u2026<\/p>\n\n\n\n<div style=\"height:25px\" aria-hidden=\"true\" class=\"wp-block-spacer\"><\/div>\n<\/div>\n\n\n\n<div class=\"wp-block-column is-layout-flow wp-block-column-is-layout-flow\"><div class=\"wp-block-image\">\n<figure class=\"aligncenter size-full is-resized\"><a href=\"https:\/\/jlm-assurance.com\/index.php\/home\/assurance-emprunteur\/\"><img loading=\"lazy\" decoding=\"async\" src=\"https:\/\/jlm-assurance.com\/wp-content\/uploads\/2022\/06\/iconewebciel_Plan-de-travail-1.png\" alt=\"\" class=\"wp-image-109\" width=\"100\" height=\"100\" srcset=\"https:\/\/jlm-assurance.com\/wp-content\/uploads\/2022\/06\/iconewebciel_Plan-de-travail-1.png.webp 500w, https:\/\/jlm-assurance.com\/wp-content\/uploads\/2022\/06\/iconewebciel_Plan-de-travail-1-300x300.png.webp 300w, https:\/\/jlm-assurance.com\/wp-content\/uploads\/2022\/06\/iconewebciel_Plan-de-travail-1-150x150.png.webp 150w\" sizes=\"auto, (max-width: 100px) 100vw, 100px\" \/><\/a><\/figure><\/div>\n\n\n<h5 class=\"has-text-align-center has-text-color wp-block-heading\" style=\"color:#3c4858;font-size:18px\"><a href=\"https:\/\/jlm-assurance.com\/index.php\/home\/assurance-emprunteur\/\" target=\"_blank\" rel=\"noreferrer noopener\">Assurances emprunteur<\/a><\/h5>\n\n\n\n<p class=\"has-text-align-center has-text-color\" style=\"color:#999999;font-size:14px\">Vous souhaitez changer d&rsquo;assurance de pr\u00eat en toute simplicit\u00e9 ? Votre agence JLM vous propose une solution compl\u00e8te pour r\u00e9pondre \u00e0 vos attentes.<\/p>\n\n\n\n<div style=\"height:25px\" aria-hidden=\"true\" class=\"wp-block-spacer\"><\/div>\n<\/div>\n<\/div>\n<\/div><\/div>\n\n\n\n<div class=\"wp-block-columns container is-layout-flex wp-container-core-columns-is-layout-9d6595d7 wp-block-columns-is-layout-flex\">\n<div class=\"wp-block-column col-md-5 is-layout-flow wp-block-column-is-layout-flow\">\n<div style=\"height:55px\" aria-hidden=\"true\" class=\"wp-block-spacer\"><\/div>\n\n\n\n<h2 class=\"has-accent-color has-text-color wp-block-heading\">\u00c0 propos de nous<\/h2>\n\n\n\n<p>L\u2019agence <em>JLM Assurances<\/em> propose de l\u2019assurance emprunteur, de l\u2019assurance de particulier (automobile, habitation, sant\u00e9\u2026) et de l\u2019assurance professionnelle (RC, pr\u00e9voyance, multirisque professionnel, protection juridique\u2026). Notre catalogue \u00e0 360\u2009\u00b0C vous fournit des solutions personnalis\u00e9es au meilleur tarif.&nbsp;Notre \u00e9quipe est \u00e0 votre service pour r\u00e9pondre \u00e0 vos besoins, \u00e0 Cannes, depuis 1993.<\/p>\n<\/div>\n<\/div>\n\n\n\n<p><\/p>\n","protected":false},"excerpt":{"rendered":"<p>\u00c0 propos de nous L\u2019agence JLM Assurances propose de l\u2019assurance emprunteur, de l\u2019assurance de particulier (automobile, habitation, sant\u00e9\u2026) et de l\u2019assurance professionnelle (RC, pr\u00e9voyance, multirisque professionnel, protection juridique\u2026). Notre catalogue \u00e0 360\u2009\u00b0C vous fournit des solutions personnalis\u00e9es au meilleur tarif.&nbsp;Notre \u00e9quipe est \u00e0 votre service pour r\u00e9pondre \u00e0 vos besoins, [&hellip;]<\/p>\n","protected":false},"author":10,"featured_media":0,"parent":0,"menu_order":0,"comment_status":"closed","ping_status":"closed","template":"","meta":{"footnotes":""},"class_list":["post-17","page","type-page","status-publish","hentry"],"yoast_head":"<!-- This site is optimized with the Yoast SEO plugin v25.9 - https:\/\/yoast.com\/wordpress\/plugins\/seo\/ -->\n<title>Accueil - JLM<\/title>\n<meta name=\"description\" content=\"JLM Assurance est un courtier multi-sp\u00e9cialiste bas\u00e9 \u00e0 Cannes. Notre agence locale offre un catalogue d&#039;assurance extr\u00eamement large.\" \/>\n<meta name=\"robots\" content=\"index, follow, max-snippet:-1, max-image-preview:large, max-video-preview:-1\" \/>\n<link rel=\"canonical\" href=\"https:\/\/jlm-assurance.com\/\" \/>\n<meta property=\"og:locale\" content=\"fr_FR\" \/>\n<meta property=\"og:type\" content=\"article\" \/>\n<meta property=\"og:title\" content=\"Accueil - JLM\" \/>\n<meta property=\"og:description\" content=\"JLM Assurance est un courtier multi-sp\u00e9cialiste bas\u00e9 \u00e0 Cannes. Notre agence locale offre un catalogue d&#039;assurance extr\u00eamement large.\" \/>\n<meta property=\"og:url\" content=\"https:\/\/jlm-assurance.com\/\" \/>\n<meta property=\"og:site_name\" content=\"JLM\" \/>\n<meta property=\"article:modified_time\" content=\"2023-08-03T12:36:11+00:00\" \/>\n<meta property=\"og:image\" content=\"https:\/\/jlm-assurance.com\/wp-content\/uploads\/2022\/06\/fond-ecran.png\" \/>\n\t<meta property=\"og:image:width\" content=\"1440\" \/>\n\t<meta property=\"og:image:height\" content=\"900\" \/>\n\t<meta property=\"og:image:type\" content=\"image\/png\" \/>\n<meta name=\"twitter:card\" content=\"summary_large_image\" \/>\n<meta name=\"twitter:label1\" content=\"Dur\u00e9e de lecture estim\u00e9e\" \/>\n\t<meta name=\"twitter:data1\" content=\"2 minutes\" \/>\n<script type=\"application\/ld+json\" class=\"yoast-schema-graph\">{\"@context\":\"https:\/\/schema.org\",\"@graph\":[{\"@type\":\"WebPage\",\"@id\":\"https:\/\/jlm-assurance.com\/\",\"url\":\"https:\/\/jlm-assurance.com\/\",\"name\":\"Accueil - JLM\",\"isPartOf\":{\"@id\":\"https:\/\/jlm-assurance.com\/#website\"},\"primaryImageOfPage\":{\"@id\":\"https:\/\/jlm-assurance.com\/#primaryimage\"},\"image\":{\"@id\":\"https:\/\/jlm-assurance.com\/#primaryimage\"},\"thumbnailUrl\":\"https:\/\/jlm-assurance.com\/wp-content\/uploads\/2022\/06\/iconewebciel2_Plan-de-travail-1.png\",\"datePublished\":\"2022-06-08T16:03:15+00:00\",\"dateModified\":\"2023-08-03T12:36:11+00:00\",\"description\":\"JLM Assurance est un courtier multi-sp\u00e9cialiste bas\u00e9 \u00e0 Cannes. Notre agence locale offre un catalogue d'assurance extr\u00eamement large.\",\"breadcrumb\":{\"@id\":\"https:\/\/jlm-assurance.com\/#breadcrumb\"},\"inLanguage\":\"fr-FR\",\"potentialAction\":[{\"@type\":\"ReadAction\",\"target\":[\"https:\/\/jlm-assurance.com\/\"]}]},{\"@type\":\"ImageObject\",\"inLanguage\":\"fr-FR\",\"@id\":\"https:\/\/jlm-assurance.com\/#primaryimage\",\"url\":\"https:\/\/jlm-assurance.com\/wp-content\/uploads\/2022\/06\/iconewebciel2_Plan-de-travail-1.png.webp\",\"contentUrl\":\"https:\/\/jlm-assurance.com\/wp-content\/uploads\/2022\/06\/iconewebciel2_Plan-de-travail-1.png.webp\",\"width\":500,\"height\":500},{\"@type\":\"BreadcrumbList\",\"@id\":\"https:\/\/jlm-assurance.com\/#breadcrumb\",\"itemListElement\":[{\"@type\":\"ListItem\",\"position\":1,\"name\":\"Accueil\",\"item\":\"https:\/\/jlm-assurance.com\/\"},{\"@type\":\"ListItem\",\"position\":2,\"name\":\"Accueil\"}]},{\"@type\":\"WebSite\",\"@id\":\"https:\/\/jlm-assurance.com\/#website\",\"url\":\"https:\/\/jlm-assurance.com\/\",\"name\":\"JLM\",\"description\":\"Agence de courtage en assurances\",\"publisher\":{\"@id\":\"https:\/\/jlm-assurance.com\/#organization\"},\"potentialAction\":[{\"@type\":\"SearchAction\",\"target\":{\"@type\":\"EntryPoint\",\"urlTemplate\":\"https:\/\/jlm-assurance.com\/?s={search_term_string}\"},\"query-input\":{\"@type\":\"PropertyValueSpecification\",\"valueRequired\":true,\"valueName\":\"search_term_string\"}}],\"inLanguage\":\"fr-FR\"},{\"@type\":\"Organization\",\"@id\":\"https:\/\/jlm-assurance.com\/#organization\",\"name\":\"JLM Assurances\",\"url\":\"https:\/\/jlm-assurance.com\/\",\"logo\":{\"@type\":\"ImageObject\",\"inLanguage\":\"fr-FR\",\"@id\":\"https:\/\/jlm-assurance.com\/#\/schema\/logo\/image\/\",\"url\":\"http:\/\/jlm-assurance.com\/wp-content\/uploads\/2022\/06\/Logo-JLM-Assurance.jpg\",\"contentUrl\":\"http:\/\/jlm-assurance.com\/wp-content\/uploads\/2022\/06\/Logo-JLM-Assurance.jpg\",\"width\":710,\"height\":190,\"caption\":\"JLM Assurances\"},\"image\":{\"@id\":\"https:\/\/jlm-assurance.com\/#\/schema\/logo\/image\/\"}}]}<\/script>\n<!-- \/ Yoast SEO plugin. -->","yoast_head_json":{"title":"Accueil - JLM","description":"JLM Assurance est un courtier multi-sp\u00e9cialiste bas\u00e9 \u00e0 Cannes. Notre agence locale offre un catalogue d'assurance extr\u00eamement large.","robots":{"index":"index","follow":"follow","max-snippet":"max-snippet:-1","max-image-preview":"max-image-preview:large","max-video-preview":"max-video-preview:-1"},"canonical":"https:\/\/jlm-assurance.com\/","og_locale":"fr_FR","og_type":"article","og_title":"Accueil - JLM","og_description":"JLM Assurance est un courtier multi-sp\u00e9cialiste bas\u00e9 \u00e0 Cannes. Notre agence locale offre un catalogue d'assurance extr\u00eamement large.","og_url":"https:\/\/jlm-assurance.com\/","og_site_name":"JLM","article_modified_time":"2023-08-03T12:36:11+00:00","og_image":[{"width":1440,"height":900,"url":"https:\/\/jlm-assurance.com\/wp-content\/uploads\/2022\/06\/fond-ecran.png","type":"image\/png"}],"twitter_card":"summary_large_image","twitter_misc":{"Dur\u00e9e de lecture estim\u00e9e":"2 minutes"},"schema":{"@context":"https:\/\/schema.org","@graph":[{"@type":"WebPage","@id":"https:\/\/jlm-assurance.com\/","url":"https:\/\/jlm-assurance.com\/","name":"Accueil - JLM","isPartOf":{"@id":"https:\/\/jlm-assurance.com\/#website"},"primaryImageOfPage":{"@id":"https:\/\/jlm-assurance.com\/#primaryimage"},"image":{"@id":"https:\/\/jlm-assurance.com\/#primaryimage"},"thumbnailUrl":"https:\/\/jlm-assurance.com\/wp-content\/uploads\/2022\/06\/iconewebciel2_Plan-de-travail-1.png","datePublished":"2022-06-08T16:03:15+00:00","dateModified":"2023-08-03T12:36:11+00:00","description":"JLM Assurance est un courtier multi-sp\u00e9cialiste bas\u00e9 \u00e0 Cannes. Notre agence locale offre un catalogue d'assurance extr\u00eamement large.","breadcrumb":{"@id":"https:\/\/jlm-assurance.com\/#breadcrumb"},"inLanguage":"fr-FR","potentialAction":[{"@type":"ReadAction","target":["https:\/\/jlm-assurance.com\/"]}]},{"@type":"ImageObject","inLanguage":"fr-FR","@id":"https:\/\/jlm-assurance.com\/#primaryimage","url":"https:\/\/jlm-assurance.com\/wp-content\/uploads\/2022\/06\/iconewebciel2_Plan-de-travail-1.png.webp","contentUrl":"https:\/\/jlm-assurance.com\/wp-content\/uploads\/2022\/06\/iconewebciel2_Plan-de-travail-1.png.webp","width":500,"height":500},{"@type":"BreadcrumbList","@id":"https:\/\/jlm-assurance.com\/#breadcrumb","itemListElement":[{"@type":"ListItem","position":1,"name":"Accueil","item":"https:\/\/jlm-assurance.com\/"},{"@type":"ListItem","position":2,"name":"Accueil"}]},{"@type":"WebSite","@id":"https:\/\/jlm-assurance.com\/#website","url":"https:\/\/jlm-assurance.com\/","name":"JLM","description":"Agence de courtage en assurances","publisher":{"@id":"https:\/\/jlm-assurance.com\/#organization"},"potentialAction":[{"@type":"SearchAction","target":{"@type":"EntryPoint","urlTemplate":"https:\/\/jlm-assurance.com\/?s={search_term_string}"},"query-input":{"@type":"PropertyValueSpecification","valueRequired":true,"valueName":"search_term_string"}}],"inLanguage":"fr-FR"},{"@type":"Organization","@id":"https:\/\/jlm-assurance.com\/#organization","name":"JLM Assurances","url":"https:\/\/jlm-assurance.com\/","logo":{"@type":"ImageObject","inLanguage":"fr-FR","@id":"https:\/\/jlm-assurance.com\/#\/schema\/logo\/image\/","url":"http:\/\/jlm-assurance.com\/wp-content\/uploads\/2022\/06\/Logo-JLM-Assurance.jpg","contentUrl":"http:\/\/jlm-assurance.com\/wp-content\/uploads\/2022\/06\/Logo-JLM-Assurance.jpg","width":710,"height":190,"caption":"JLM Assurances"},"image":{"@id":"https:\/\/jlm-assurance.com\/#\/schema\/logo\/image\/"}}]}},"_links":{"self":[{"href":"https:\/\/jlm-assurance.com\/index.php\/wp-json\/wp\/v2\/pages\/17","targetHints":{"allow":["GET"]}}],"collection":[{"href":"https:\/\/jlm-assurance.com\/index.php\/wp-json\/wp\/v2\/pages"}],"about":[{"href":"https:\/\/jlm-assurance.com\/index.php\/wp-json\/wp\/v2\/types\/page"}],"author":[{"embeddable":true,"href":"https:\/\/jlm-assurance.com\/index.php\/wp-json\/wp\/v2\/users\/10"}],"replies":[{"embeddable":true,"href":"https:\/\/jlm-assurance.com\/index.php\/wp-json\/wp\/v2\/comments?post=17"}],"version-history":[{"count":26,"href":"https:\/\/jlm-assurance.com\/index.php\/wp-json\/wp\/v2\/pages\/17\/revisions"}],"predecessor-version":[{"id":542,"href":"https:\/\/jlm-assurance.com\/index.php\/wp-json\/wp\/v2\/pages\/17\/revisions\/542"}],"wp:attachment":[{"href":"https:\/\/jlm-assurance.com\/index.php\/wp-json\/wp\/v2\/media?parent=17"}],"curies":[{"name":"wp","href":"https:\/\/api.w.org\/{rel}","templated":true}]}}