{"id":2,"date":"2022-06-03T16:17:31","date_gmt":"2022-06-03T14:17:31","guid":{"rendered":"http:\/\/jlm-assurance.com\/?page_id=2"},"modified":"2026-03-12T10:48:31","modified_gmt":"2026-03-12T09:48:31","slug":"qui-sommes-nous","status":"publish","type":"page","link":"https:\/\/jlm-assurance.com\/index.php\/home\/qui-sommes-nous\/","title":{"rendered":"Qui sommes-nous ?"},"content":{"rendered":"\n<div class=\"wp-block-media-text alignwide has-media-on-the-right is-stacked-on-mobile is-image-fill-element\" style=\"grid-template-columns:auto 33%\"><div class=\"wp-block-media-text__content\">\n<h3 class=\"wp-block-heading has-text-color\" style=\"color:#6b6b6b;text-transform:uppercase\">Votre partenaire de proximit\u00e9<\/h3>\n\n\n\n<p class=\"has-text-align-left\"><strong>L\u2019agence JLM Assurances est implant\u00e9e sur Cannes depuis 1993.<\/strong> C&rsquo;est une \u00e9quipe comp\u00e9tente et dynamique \u00e0 votre service pour r\u00e9pondre \u00e0 l\u2019ensemble de vos besoins en :<\/p>\n\n\n\n<ul class=\"wp-block-list\">\n<li>Assurance emprunteur<\/li>\n\n\n\n<li>Assurance de particulier (auto, habitation, sant\u00e9\u2026) <\/li>\n\n\n\n<li>Assurance professionnelle (RC, pr\u00e9voyance, multirisque professionnel, protection juridique\u2026)<\/li>\n<\/ul>\n\n\n\n<p>\u00ab\u00a0<strong>La r\u00e9activit\u00e9 et le service client sont les mots d\u2019ordre de notre agence<\/strong>.\u00a0\u00bb<\/p>\n\n\n\n<p class=\"has-text-color has-small-font-size\" style=\"color:#626262\">Ana\u00efs RUIZ, responsable de l&rsquo;agence.<\/p>\n<\/div><figure class=\"wp-block-media-text__media\"><img loading=\"lazy\" decoding=\"async\" width=\"992\" height=\"1024\" src=\"https:\/\/jlm-assurance.com\/wp-content\/uploads\/2022\/07\/serviceclient-992x1024.jpg\" alt=\"\" class=\"wp-image-219 size-full\" style=\"object-position:50% 13%\" srcset=\"https:\/\/jlm-assurance.com\/wp-content\/uploads\/2022\/07\/serviceclient-992x1024.jpg.webp 992w, https:\/\/jlm-assurance.com\/wp-content\/uploads\/2022\/07\/serviceclient-291x300.jpg.webp 291w, https:\/\/jlm-assurance.com\/wp-content\/uploads\/2022\/07\/serviceclient-768x793.jpg.webp 768w, https:\/\/jlm-assurance.com\/wp-content\/uploads\/2022\/07\/serviceclient-1488x1536.jpg.webp 1488w, https:\/\/jlm-assurance.com\/wp-content\/uploads\/2022\/07\/serviceclient-1983x2048.jpg.webp 1983w\" sizes=\"auto, (max-width: 992px) 100vw, 992px\" \/><\/figure><\/div>\n\n\n\n<div style=\"height:31px\" aria-hidden=\"true\" class=\"wp-block-spacer\"><\/div>\n\n\n\n<hr class=\"wp-block-separator has-alpha-channel-opacity\"\/>\n\n\n\n<p>Notre agence est compos\u00e9e de collaboratrices comp\u00e9tentes et dynamiques, pouvant r\u00e9pondre \u00e0 toutes vos demandes en assurance :<\/p>\n\n\n\n<div class=\"wp-block-columns is-layout-flex wp-container-core-columns-is-layout-9d6595d7 wp-block-columns-is-layout-flex\">\n<div class=\"wp-block-column is-layout-flow wp-block-column-is-layout-flow\">\n<div class=\"wp-block-group is-vertical is-content-justification-center is-layout-flex wp-container-core-group-is-layout-4b2eccd6 wp-block-group-is-layout-flex\">\n<p><strong>P\u00f4le Production <\/strong>:<\/p>\n\n\n\n<p>Marie&nbsp;GUILLOMET<\/p>\n\n\n\n<p>04 92 99 38 54<\/p>\n\n\n\n<p>Sindrayana ALFRED<\/p>\n\n\n\n<p>04 92 99 38 50<\/p>\n\n\n\n<p>Tessia GUETITI<\/p>\n\n\n\n<p>Alternante <\/p>\n<\/div>\n<\/div>\n\n\n\n<div class=\"wp-block-column is-layout-flow wp-block-column-is-layout-flow\">\n<p class=\"has-text-align-center\"><strong>P\u00f4le Indemnisation<\/strong><\/p>\n\n\n\n<p class=\"has-text-align-center\">Gwena\u00ebl ROGE<\/p>\n\n\n\n<p class=\"has-text-align-center\">04 92 99 38 56<\/p>\n<\/div>\n\n\n\n<div class=\"wp-block-column is-layout-flow wp-block-column-is-layout-flow\">\n<div class=\"wp-block-group is-vertical is-content-justification-center is-layout-flex wp-container-core-group-is-layout-4b2eccd6 wp-block-group-is-layout-flex\">\n<div class=\"wp-block-group is-vertical is-layout-flex wp-container-core-group-is-layout-8cf370e7 wp-block-group-is-layout-flex\">\n<div class=\"wp-block-group is-vertical is-content-justification-center is-layout-flex wp-container-core-group-is-layout-4b2eccd6 wp-block-group-is-layout-flex\">\n<p class=\"has-text-align-center\"><strong>Assistante administrative<\/strong> :<\/p>\n\n\n\n<p class=\"has-text-align-center\">Shirley BEURION<\/p>\n\n\n\n<p class=\"has-text-align-center\">04 92 99 14 80<\/p>\n<\/div>\n<\/div>\n<\/div>\n<\/div>\n<\/div>\n\n\n\n<div class=\"wp-block-columns is-layout-flex wp-container-core-columns-is-layout-9d6595d7 wp-block-columns-is-layout-flex\">\n<div class=\"wp-block-column is-layout-flow wp-block-column-is-layout-flow\">\n<div class=\"wp-block-group is-vertical is-content-justification-center is-layout-flex wp-container-core-group-is-layout-4b2eccd6 wp-block-group-is-layout-flex\">\n<p class=\"has-text-align-center\"><strong>Responsable&nbsp;d&rsquo;agence :<\/strong><\/p>\n\n\n\n<p class=\"has-text-align-center\">Ana\u00efs RUIZ<\/p>\n\n\n\n<p class=\"has-text-align-center\">04 92 99 38 55<\/p>\n<\/div>\n<\/div>\n<\/div>\n\n\n\n<div class=\"wp-block-media-text alignwide is-stacked-on-mobile\" style=\"grid-template-columns:23% auto\"><figure class=\"wp-block-media-text__media\"><img loading=\"lazy\" decoding=\"async\" width=\"1024\" height=\"1024\" src=\"https:\/\/jlm-assurance.com\/wp-content\/uploads\/2022\/07\/Sign-contract-1024x1024.png\" alt=\"\" class=\"wp-image-231 size-full\" srcset=\"https:\/\/jlm-assurance.com\/wp-content\/uploads\/2022\/07\/Sign-contract-1024x1024.png.webp 1024w, https:\/\/jlm-assurance.com\/wp-content\/uploads\/2022\/07\/Sign-contract-300x300.png.webp 300w, https:\/\/jlm-assurance.com\/wp-content\/uploads\/2022\/07\/Sign-contract-150x150.png.webp 150w, https:\/\/jlm-assurance.com\/wp-content\/uploads\/2022\/07\/Sign-contract-768x768.png.webp 768w, https:\/\/jlm-assurance.com\/wp-content\/uploads\/2022\/07\/Sign-contract-1536x1536.png.webp 1536w, https:\/\/jlm-assurance.com\/wp-content\/uploads\/2022\/07\/Sign-contract.png.webp 2001w\" sizes=\"auto, (max-width: 1024px) 100vw, 1024px\" \/><\/figure><div class=\"wp-block-media-text__content\">\n<p>Nous proposons \u00e0 chaque client un savoir-faire et un accompagnement personnalis\u00e9. Notre \u00e9quipe effectue des visites de risque afin de vous proposer un contrat conforme \u00e0 vos besoins. La gestion de votre contrat se fait int\u00e9gralement en agence et nous vous accompagnons \u00e9galement pour les expertises suite \u00e0 sinistre.<\/p>\n<\/div><\/div>\n\n\n\n<div class=\"wp-block-media-text alignwide has-media-on-the-right is-stacked-on-mobile\" style=\"grid-template-columns:auto 35%\"><div class=\"wp-block-media-text__content\">\n<p>Nous nous adaptons aux sp\u00e9cificit\u00e9s de notre client\u00e8le avec des collaborateurs bilingues, une d\u00e9mat\u00e9rialisation de nos contrats et une discr\u00e9tion sans faille.<\/p>\n<\/div><figure class=\"wp-block-media-text__media\"><img loading=\"lazy\" decoding=\"async\" width=\"1024\" height=\"708\" src=\"https:\/\/jlm-assurance.com\/wp-content\/uploads\/2022\/07\/INTERNATIONAL-1024x708.png\" alt=\"\" class=\"wp-image-233 size-full\" srcset=\"https:\/\/jlm-assurance.com\/wp-content\/uploads\/2022\/07\/INTERNATIONAL-1024x708.png.webp 1024w, https:\/\/jlm-assurance.com\/wp-content\/uploads\/2022\/07\/INTERNATIONAL-300x208.png.webp 300w, https:\/\/jlm-assurance.com\/wp-content\/uploads\/2022\/07\/INTERNATIONAL-768x531.png.webp 768w, https:\/\/jlm-assurance.com\/wp-content\/uploads\/2022\/07\/INTERNATIONAL-1536x1063.png.webp 1536w, https:\/\/jlm-assurance.com\/wp-content\/uploads\/2022\/07\/INTERNATIONAL-2048x1417.png.webp 2048w\" sizes=\"auto, (max-width: 1024px) 100vw, 1024px\" \/><\/figure><\/div>\n\n\n\n<p><\/p>\n","protected":false},"excerpt":{"rendered":"<p>Notre agence est compos\u00e9e de collaboratrices comp\u00e9tentes et dynamiques, pouvant r\u00e9pondre \u00e0 toutes vos demandes en assurance : P\u00f4le Production : Marie&nbsp;GUILLOMET 04 92 99 38 54 Sindrayana ALFRED 04 92 99 38 50 Tessia GUETITI Alternante P\u00f4le Indemnisation Gwena\u00ebl ROGE 04 92 99 38 56 Assistante administrative : Shirley [&hellip;]<\/p>\n","protected":false},"author":10,"featured_media":96,"parent":17,"menu_order":0,"comment_status":"closed","ping_status":"closed","template":"page-templates\/template-fullwidth.php","meta":{"footnotes":""},"class_list":["post-2","page","type-page","status-publish","has-post-thumbnail","hentry"],"yoast_head":"<!-- This site is optimized with the Yoast SEO plugin v25.9 - https:\/\/yoast.com\/wordpress\/plugins\/seo\/ -->\n<title>Qui sommes-nous ? - JLM<\/title>\n<meta name=\"description\" content=\"JLM est un courtier multi-sp\u00e9cialiste \u00e0 Cannes depuis 1993, notre \u00e9quipe trouve des solutions d&#039;assurance sur-mesure\" \/>\n<meta name=\"robots\" content=\"index, follow, max-snippet:-1, max-image-preview:large, max-video-preview:-1\" \/>\n<link rel=\"canonical\" href=\"https:\/\/jlm-assurance.com\/index.php\/home\/qui-sommes-nous\/\" \/>\n<meta property=\"og:locale\" content=\"fr_FR\" \/>\n<meta property=\"og:type\" content=\"article\" \/>\n<meta property=\"og:title\" content=\"Qui sommes-nous ? - JLM\" \/>\n<meta property=\"og:description\" content=\"JLM est un courtier multi-sp\u00e9cialiste \u00e0 Cannes depuis 1993, notre \u00e9quipe trouve des solutions d&#039;assurance sur-mesure\" \/>\n<meta property=\"og:url\" content=\"https:\/\/jlm-assurance.com\/index.php\/home\/qui-sommes-nous\/\" \/>\n<meta property=\"og:site_name\" content=\"JLM\" \/>\n<meta property=\"article:modified_time\" content=\"2026-03-12T09:48:31+00:00\" \/>\n<meta property=\"og:image\" content=\"https:\/\/jlm-assurance.com\/wp-content\/uploads\/2022\/06\/young-couple-buying-car-in-car-showroom.jpg.webp\" \/>\n\t<meta property=\"og:image:width\" content=\"1500\" \/>\n\t<meta property=\"og:image:height\" content=\"1000\" \/>\n\t<meta property=\"og:image:type\" content=\"image\/jpeg\" \/>\n<meta name=\"twitter:card\" content=\"summary_large_image\" \/>\n<meta name=\"twitter:label1\" content=\"Dur\u00e9e de lecture estim\u00e9e\" \/>\n\t<meta name=\"twitter:data1\" content=\"2 minutes\" \/>\n<script type=\"application\/ld+json\" class=\"yoast-schema-graph\">{\"@context\":\"https:\/\/schema.org\",\"@graph\":[{\"@type\":\"WebPage\",\"@id\":\"https:\/\/jlm-assurance.com\/index.php\/home\/qui-sommes-nous\/\",\"url\":\"https:\/\/jlm-assurance.com\/index.php\/home\/qui-sommes-nous\/\",\"name\":\"Qui sommes-nous ? - JLM\",\"isPartOf\":{\"@id\":\"https:\/\/jlm-assurance.com\/#website\"},\"primaryImageOfPage\":{\"@id\":\"https:\/\/jlm-assurance.com\/index.php\/home\/qui-sommes-nous\/#primaryimage\"},\"image\":{\"@id\":\"https:\/\/jlm-assurance.com\/index.php\/home\/qui-sommes-nous\/#primaryimage\"},\"thumbnailUrl\":\"https:\/\/jlm-assurance.com\/wp-content\/uploads\/2022\/06\/young-couple-buying-car-in-car-showroom.jpg.webp\",\"datePublished\":\"2022-06-03T14:17:31+00:00\",\"dateModified\":\"2026-03-12T09:48:31+00:00\",\"description\":\"JLM est un courtier multi-sp\u00e9cialiste \u00e0 Cannes depuis 1993, notre \u00e9quipe trouve des solutions d'assurance sur-mesure\",\"breadcrumb\":{\"@id\":\"https:\/\/jlm-assurance.com\/index.php\/home\/qui-sommes-nous\/#breadcrumb\"},\"inLanguage\":\"fr-FR\",\"potentialAction\":[{\"@type\":\"ReadAction\",\"target\":[\"https:\/\/jlm-assurance.com\/index.php\/home\/qui-sommes-nous\/\"]}]},{\"@type\":\"ImageObject\",\"inLanguage\":\"fr-FR\",\"@id\":\"https:\/\/jlm-assurance.com\/index.php\/home\/qui-sommes-nous\/#primaryimage\",\"url\":\"https:\/\/jlm-assurance.com\/wp-content\/uploads\/2022\/06\/young-couple-buying-car-in-car-showroom.jpg.webp\",\"contentUrl\":\"https:\/\/jlm-assurance.com\/wp-content\/uploads\/2022\/06\/young-couple-buying-car-in-car-showroom.jpg.webp\",\"width\":1500,\"height\":1000,\"caption\":\"Groupe de travail\"},{\"@type\":\"BreadcrumbList\",\"@id\":\"https:\/\/jlm-assurance.com\/index.php\/home\/qui-sommes-nous\/#breadcrumb\",\"itemListElement\":[{\"@type\":\"ListItem\",\"position\":1,\"name\":\"Accueil\",\"item\":\"https:\/\/jlm-assurance.com\/\"},{\"@type\":\"ListItem\",\"position\":2,\"name\":\"Accueil\",\"item\":\"https:\/\/jlm-assurance.com\/\"},{\"@type\":\"ListItem\",\"position\":3,\"name\":\"Qui sommes-nous ?\"}]},{\"@type\":\"WebSite\",\"@id\":\"https:\/\/jlm-assurance.com\/#website\",\"url\":\"https:\/\/jlm-assurance.com\/\",\"name\":\"JLM\",\"description\":\"Agence de courtage en assurances\",\"publisher\":{\"@id\":\"https:\/\/jlm-assurance.com\/#organization\"},\"potentialAction\":[{\"@type\":\"SearchAction\",\"target\":{\"@type\":\"EntryPoint\",\"urlTemplate\":\"https:\/\/jlm-assurance.com\/?s={search_term_string}\"},\"query-input\":{\"@type\":\"PropertyValueSpecification\",\"valueRequired\":true,\"valueName\":\"search_term_string\"}}],\"inLanguage\":\"fr-FR\"},{\"@type\":\"Organization\",\"@id\":\"https:\/\/jlm-assurance.com\/#organization\",\"name\":\"JLM Assurances\",\"url\":\"https:\/\/jlm-assurance.com\/\",\"logo\":{\"@type\":\"ImageObject\",\"inLanguage\":\"fr-FR\",\"@id\":\"https:\/\/jlm-assurance.com\/#\/schema\/logo\/image\/\",\"url\":\"http:\/\/jlm-assurance.com\/wp-content\/uploads\/2022\/06\/Logo-JLM-Assurance.jpg\",\"contentUrl\":\"http:\/\/jlm-assurance.com\/wp-content\/uploads\/2022\/06\/Logo-JLM-Assurance.jpg\",\"width\":710,\"height\":190,\"caption\":\"JLM Assurances\"},\"image\":{\"@id\":\"https:\/\/jlm-assurance.com\/#\/schema\/logo\/image\/\"}}]}<\/script>\n<!-- \/ Yoast SEO plugin. -->","yoast_head_json":{"title":"Qui sommes-nous ? - JLM","description":"JLM est un courtier multi-sp\u00e9cialiste \u00e0 Cannes depuis 1993, notre \u00e9quipe trouve des solutions d'assurance sur-mesure","robots":{"index":"index","follow":"follow","max-snippet":"max-snippet:-1","max-image-preview":"max-image-preview:large","max-video-preview":"max-video-preview:-1"},"canonical":"https:\/\/jlm-assurance.com\/index.php\/home\/qui-sommes-nous\/","og_locale":"fr_FR","og_type":"article","og_title":"Qui sommes-nous ? - JLM","og_description":"JLM est un courtier multi-sp\u00e9cialiste \u00e0 Cannes depuis 1993, notre \u00e9quipe trouve des solutions d'assurance sur-mesure","og_url":"https:\/\/jlm-assurance.com\/index.php\/home\/qui-sommes-nous\/","og_site_name":"JLM","article_modified_time":"2026-03-12T09:48:31+00:00","og_image":[{"width":1500,"height":1000,"url":"https:\/\/jlm-assurance.com\/wp-content\/uploads\/2022\/06\/young-couple-buying-car-in-car-showroom.jpg.webp","type":"image\/jpeg"}],"twitter_card":"summary_large_image","twitter_misc":{"Dur\u00e9e de lecture estim\u00e9e":"2 minutes"},"schema":{"@context":"https:\/\/schema.org","@graph":[{"@type":"WebPage","@id":"https:\/\/jlm-assurance.com\/index.php\/home\/qui-sommes-nous\/","url":"https:\/\/jlm-assurance.com\/index.php\/home\/qui-sommes-nous\/","name":"Qui sommes-nous ? - JLM","isPartOf":{"@id":"https:\/\/jlm-assurance.com\/#website"},"primaryImageOfPage":{"@id":"https:\/\/jlm-assurance.com\/index.php\/home\/qui-sommes-nous\/#primaryimage"},"image":{"@id":"https:\/\/jlm-assurance.com\/index.php\/home\/qui-sommes-nous\/#primaryimage"},"thumbnailUrl":"https:\/\/jlm-assurance.com\/wp-content\/uploads\/2022\/06\/young-couple-buying-car-in-car-showroom.jpg.webp","datePublished":"2022-06-03T14:17:31+00:00","dateModified":"2026-03-12T09:48:31+00:00","description":"JLM est un courtier multi-sp\u00e9cialiste \u00e0 Cannes depuis 1993, notre \u00e9quipe trouve des solutions d'assurance sur-mesure","breadcrumb":{"@id":"https:\/\/jlm-assurance.com\/index.php\/home\/qui-sommes-nous\/#breadcrumb"},"inLanguage":"fr-FR","potentialAction":[{"@type":"ReadAction","target":["https:\/\/jlm-assurance.com\/index.php\/home\/qui-sommes-nous\/"]}]},{"@type":"ImageObject","inLanguage":"fr-FR","@id":"https:\/\/jlm-assurance.com\/index.php\/home\/qui-sommes-nous\/#primaryimage","url":"https:\/\/jlm-assurance.com\/wp-content\/uploads\/2022\/06\/young-couple-buying-car-in-car-showroom.jpg.webp","contentUrl":"https:\/\/jlm-assurance.com\/wp-content\/uploads\/2022\/06\/young-couple-buying-car-in-car-showroom.jpg.webp","width":1500,"height":1000,"caption":"Groupe de travail"},{"@type":"BreadcrumbList","@id":"https:\/\/jlm-assurance.com\/index.php\/home\/qui-sommes-nous\/#breadcrumb","itemListElement":[{"@type":"ListItem","position":1,"name":"Accueil","item":"https:\/\/jlm-assurance.com\/"},{"@type":"ListItem","position":2,"name":"Accueil","item":"https:\/\/jlm-assurance.com\/"},{"@type":"ListItem","position":3,"name":"Qui sommes-nous ?"}]},{"@type":"WebSite","@id":"https:\/\/jlm-assurance.com\/#website","url":"https:\/\/jlm-assurance.com\/","name":"JLM","description":"Agence de courtage en assurances","publisher":{"@id":"https:\/\/jlm-assurance.com\/#organization"},"potentialAction":[{"@type":"SearchAction","target":{"@type":"EntryPoint","urlTemplate":"https:\/\/jlm-assurance.com\/?s={search_term_string}"},"query-input":{"@type":"PropertyValueSpecification","valueRequired":true,"valueName":"search_term_string"}}],"inLanguage":"fr-FR"},{"@type":"Organization","@id":"https:\/\/jlm-assurance.com\/#organization","name":"JLM Assurances","url":"https:\/\/jlm-assurance.com\/","logo":{"@type":"ImageObject","inLanguage":"fr-FR","@id":"https:\/\/jlm-assurance.com\/#\/schema\/logo\/image\/","url":"http:\/\/jlm-assurance.com\/wp-content\/uploads\/2022\/06\/Logo-JLM-Assurance.jpg","contentUrl":"http:\/\/jlm-assurance.com\/wp-content\/uploads\/2022\/06\/Logo-JLM-Assurance.jpg","width":710,"height":190,"caption":"JLM Assurances"},"image":{"@id":"https:\/\/jlm-assurance.com\/#\/schema\/logo\/image\/"}}]}},"_links":{"self":[{"href":"https:\/\/jlm-assurance.com\/index.php\/wp-json\/wp\/v2\/pages\/2","targetHints":{"allow":["GET"]}}],"collection":[{"href":"https:\/\/jlm-assurance.com\/index.php\/wp-json\/wp\/v2\/pages"}],"about":[{"href":"https:\/\/jlm-assurance.com\/index.php\/wp-json\/wp\/v2\/types\/page"}],"author":[{"embeddable":true,"href":"https:\/\/jlm-assurance.com\/index.php\/wp-json\/wp\/v2\/users\/10"}],"replies":[{"embeddable":true,"href":"https:\/\/jlm-assurance.com\/index.php\/wp-json\/wp\/v2\/comments?post=2"}],"version-history":[{"count":41,"href":"https:\/\/jlm-assurance.com\/index.php\/wp-json\/wp\/v2\/pages\/2\/revisions"}],"predecessor-version":[{"id":546,"href":"https:\/\/jlm-assurance.com\/index.php\/wp-json\/wp\/v2\/pages\/2\/revisions\/546"}],"up":[{"embeddable":true,"href":"https:\/\/jlm-assurance.com\/index.php\/wp-json\/wp\/v2\/pages\/17"}],"wp:featuredmedia":[{"embeddable":true,"href":"https:\/\/jlm-assurance.com\/index.php\/wp-json\/wp\/v2\/media\/96"}],"wp:attachment":[{"href":"https:\/\/jlm-assurance.com\/index.php\/wp-json\/wp\/v2\/media?parent=2"}],"curies":[{"name":"wp","href":"https:\/\/api.w.org\/{rel}","templated":true}]}}