{"id":359,"date":"2022-11-29T09:39:21","date_gmt":"2022-11-29T08:39:21","guid":{"rendered":"https:\/\/jlm-assurance.com\/?page_id=359"},"modified":"2026-03-12T10:50:33","modified_gmt":"2026-03-12T09:50:33","slug":"nous-contacter","status":"publish","type":"page","link":"https:\/\/jlm-assurance.com\/index.php\/home\/nous-contacter\/","title":{"rendered":"Nous contacter"},"content":{"rendered":"\n<p>Vous souhaitez en savoir plus sur les offres de notre agence ou prendre un rendez-vous pour une \u00e9tude de vos besoins ? Vous pouvez nous contacter par t\u00e9l\u00e9phone au <strong>04.92.99.14.80<\/strong>, par mail ou directement \u00e0 l&rsquo;agence. Nous nous ferons un plaisir de r\u00e9pondre \u00e0 toutes vos questions.<\/p>\n\n\n<div class=\"wp-block-image\">\n<figure class=\"aligncenter size-large is-resized\"><img loading=\"lazy\" decoding=\"async\" width=\"1024\" height=\"683\" src=\"https:\/\/jlm-assurance.com\/wp-content\/uploads\/2022\/06\/female-serious-estate-agent-discussing-house-building-plan-with-clients-1024x683.jpg\" alt=\"\" class=\"wp-image-133\" style=\"width:768px;height:512px\" srcset=\"https:\/\/jlm-assurance.com\/wp-content\/uploads\/2022\/06\/female-serious-estate-agent-discussing-house-building-plan-with-clients-1024x683.jpg.webp 1024w, https:\/\/jlm-assurance.com\/wp-content\/uploads\/2022\/06\/female-serious-estate-agent-discussing-house-building-plan-with-clients-300x200.jpg.webp 300w, https:\/\/jlm-assurance.com\/wp-content\/uploads\/2022\/06\/female-serious-estate-agent-discussing-house-building-plan-with-clients-768x512.jpg.webp 768w, https:\/\/jlm-assurance.com\/wp-content\/uploads\/2022\/06\/female-serious-estate-agent-discussing-house-building-plan-with-clients-360x240.jpg.webp 360w, https:\/\/jlm-assurance.com\/wp-content\/uploads\/2022\/06\/female-serious-estate-agent-discussing-house-building-plan-with-clients.jpg.webp 1500w\" sizes=\"auto, (max-width: 1024px) 100vw, 1024px\" \/><\/figure><\/div>\n\n\n<div style=\"height:25px\" aria-hidden=\"true\" class=\"wp-block-spacer\"><\/div>\n\n\n\n<div class=\"wp-block-buttons is-content-justification-center is-layout-flex wp-container-core-buttons-is-layout-16018d1d wp-block-buttons-is-layout-flex\">\n<div class=\"wp-block-button has-custom-width wp-block-button__width-50 is-style-outline is-style-outline--1\"><a class=\"wp-block-button__link has-header-gradient-color has-white-background-color has-text-color has-background wp-element-button\" href=\"tel:+33492991480\" style=\"border-radius:0px\" target=\"_blank\" rel=\"noreferrer noopener\">\ud83d\udcde  Nous appeler<\/a><\/div>\n<\/div>\n\n\n\n<div style=\"height:25px\" aria-hidden=\"true\" class=\"wp-block-spacer\"><\/div>\n\n\n\n<hr class=\"wp-block-separator has-alpha-channel-opacity\"\/>\n\n\n\n<h4 class=\"wp-block-heading\"><strong>Nous contacter par mail :<\/strong><\/h4>\n\n\n<div class=\"wpforms-container wpforms-container-full wpforms-block wpforms-block-26013630-0cf4-4574-8449-c05edb016768\" id=\"wpforms-114\"><form id=\"wpforms-form-114\" class=\"wpforms-validate wpforms-form\" data-formid=\"114\" method=\"post\" enctype=\"multipart\/form-data\" action=\"\/index.php\/wp-json\/wp\/v2\/pages\/359\" data-token=\"96e05de35d8e2bd94b4be520662fd29b\" data-token-time=\"1776362396\"><noscript class=\"wpforms-error-noscript\">Veuillez activer JavaScript dans votre navigateur pour remplir ce formulaire.<\/noscript><div class=\"wpforms-field-container\"><div id=\"wpforms-114-field_0-container\" class=\"wpforms-field wpforms-field-name wpforms-one-half wpforms-first\" data-field-id=\"0\"><label class=\"wpforms-field-label wpforms-label-hide\" for=\"wpforms-114-field_0\">Nom  <span class=\"wpforms-required-label\">*<\/span><\/label><input type=\"text\" id=\"wpforms-114-field_0\" class=\"wpforms-field-large wpforms-field-required\" name=\"wpforms[fields][0]\" placeholder=\"Votre Nom et Pr\u00e9nom\" required><\/div><div id=\"wpforms-114-field_3-container\" class=\"wpforms-field wpforms-field-email wpforms-one-half\" data-field-id=\"3\"><label class=\"wpforms-field-label wpforms-label-hide\" for=\"wpforms-114-field_3\">Email <span class=\"wpforms-required-label\">*<\/span><\/label><input type=\"email\" id=\"wpforms-114-field_3\" class=\"wpforms-field-large wpforms-field-required\" name=\"wpforms[fields][3]\" placeholder=\"Votre E-mail\" spellcheck=\"false\" required><\/div><div id=\"wpforms-114-field_4-container\" class=\"wpforms-field wpforms-field-text\" data-field-id=\"4\"><label class=\"wpforms-field-label wpforms-label-hide\" for=\"wpforms-114-field_4\">Sujet<\/label><input type=\"text\" id=\"wpforms-114-field_4\" class=\"wpforms-field-large\" name=\"wpforms[fields][4]\" placeholder=\"Sujet de votre demande\" ><\/div><div id=\"wpforms-114-field_2-container\" class=\"wpforms-field wpforms-field-textarea\" data-field-id=\"2\"><label class=\"wpforms-field-label wpforms-label-hide\" for=\"wpforms-114-field_2\">Message <span class=\"wpforms-required-label\">*<\/span><\/label><textarea id=\"wpforms-114-field_2\" class=\"wpforms-field-medium wpforms-field-required\" name=\"wpforms[fields][2]\" placeholder=\"Votre message\" required><\/textarea><\/div><\/div><!-- .wpforms-field-container --><div class=\"wpforms-submit-container\" ><input type=\"hidden\" name=\"wpforms[id]\" value=\"114\"><input type=\"hidden\" name=\"page_title\" value=\"\"><input type=\"hidden\" name=\"page_url\" value=\"https:\/\/jlm-assurance.com\/index.php\/wp-json\/wp\/v2\/pages\/359\"><input type=\"hidden\" name=\"url_referer\" value=\"\"><button type=\"submit\" name=\"wpforms[submit]\" id=\"wpforms-submit-114\" class=\"wpforms-submit\" data-alt-text=\"Envoi en cours...\" data-submit-text=\"Envoyer\" aria-live=\"assertive\" value=\"wpforms-submit\">Envoyer<\/button><\/div><\/form><\/div>  <!-- .wpforms-container -->\n\n\n<h4 class=\"wp-block-heading\"><br><strong>Venir \u00e0 l&rsquo;agence<\/strong><\/h4>\n\n\n\n<p><a href=\"https:\/\/maps.app.goo.gl\/Ny23PV5Kkp3YHKZz6\">37 Avenue Mont Joli &#8211;&nbsp; 06110 LE CANNET<\/a> \u2013 Du lundi au jeudi de 9:00-12:00 et 14:00-18:00 et le vendredi de 9:00-12:00 et 14:00-17:30. <strong>Un parking <\/strong>est \u00e0 votre disposition pour acc\u00e9der \u00e0 notre agence le plus facilement possible.<\/p>\n\n\n\n<iframe src=\"https:\/\/www.google.com\/maps\/embed?pb=!1m18!1m12!1m3!1d2890.2812660330105!2d7.006589676649691!3d43.57985745717071!2m3!1f0!2f0!3f0!3m2!1i1024!2i768!4f13.1!3m3!1m2!1s0x12cc2a0198c8d61b%3A0x19b50a86011fe995!2s37%20Av.%20du%20Mont%20Joli%2C%2006110%20Le%20Cannet!5e0!3m2!1sfr!2sfr!4v1731511785943!5m2!1sfr!2sfr\" width=\"600\" height=\"450\" style=\"border:0;\" allowfullscreen=\"\" loading=\"lazy\" referrerpolicy=\"no-referrer-when-downgrade\"><\/iframe>\n\n\n\n<div style=\"height:16px\" aria-hidden=\"true\" class=\"wp-block-spacer\"><\/div>\n","protected":false},"excerpt":{"rendered":"<p>Vous souhaitez en savoir plus sur les offres de notre agence ou prendre un rendez-vous pour une \u00e9tude de vos besoins ? Vous pouvez nous contacter par t\u00e9l\u00e9phone au 04.92.99.14.80, par mail ou directement \u00e0 l&rsquo;agence. Nous nous ferons un plaisir de r\u00e9pondre \u00e0 toutes vos questions. Nous contacter par [&hellip;]<\/p>\n","protected":false},"author":10,"featured_media":32,"parent":17,"menu_order":0,"comment_status":"closed","ping_status":"closed","template":"","meta":{"footnotes":""},"class_list":["post-359","page","type-page","status-publish","has-post-thumbnail","hentry"],"yoast_head":"<!-- This site is optimized with the Yoast SEO plugin v25.9 - https:\/\/yoast.com\/wordpress\/plugins\/seo\/ -->\n<title>Nous contacter - JLM<\/title>\n<meta name=\"description\" content=\"Nous contacter par t\u00e9l\u00e9phone au 04.92.99.14.80, par mail ou directement \u00e0 l&#039;agence. Nous nous ferons un plaisir de r\u00e9pondre \u00e0 vos questions.\" \/>\n<meta name=\"robots\" content=\"index, follow, max-snippet:-1, max-image-preview:large, max-video-preview:-1\" \/>\n<link rel=\"canonical\" href=\"https:\/\/jlm-assurance.com\/index.php\/home\/nous-contacter\/\" \/>\n<meta property=\"og:locale\" content=\"fr_FR\" \/>\n<meta property=\"og:type\" content=\"article\" \/>\n<meta property=\"og:title\" content=\"Nous contacter - JLM\" \/>\n<meta property=\"og:description\" content=\"Nous contacter par t\u00e9l\u00e9phone au 04.92.99.14.80, par mail ou directement \u00e0 l&#039;agence. Nous nous ferons un plaisir de r\u00e9pondre \u00e0 vos questions.\" \/>\n<meta property=\"og:url\" content=\"https:\/\/jlm-assurance.com\/index.php\/home\/nous-contacter\/\" \/>\n<meta property=\"og:site_name\" content=\"JLM\" \/>\n<meta property=\"article:modified_time\" content=\"2026-03-12T09:50:33+00:00\" \/>\n<meta property=\"og:image\" content=\"https:\/\/jlm-assurance.com\/wp-content\/uploads\/2022\/06\/nordwood-themes-q8U1YgBaRQk-unsplash-1.jpg.webp\" \/>\n\t<meta property=\"og:image:width\" content=\"1920\" \/>\n\t<meta property=\"og:image:height\" content=\"1280\" \/>\n\t<meta property=\"og:image:type\" content=\"image\/jpeg\" \/>\n<meta name=\"twitter:card\" content=\"summary_large_image\" \/>\n<meta name=\"twitter:label1\" content=\"Dur\u00e9e de lecture estim\u00e9e\" \/>\n\t<meta name=\"twitter:data1\" content=\"1 minute\" \/>\n<script type=\"application\/ld+json\" class=\"yoast-schema-graph\">{\"@context\":\"https:\/\/schema.org\",\"@graph\":[{\"@type\":\"WebPage\",\"@id\":\"https:\/\/jlm-assurance.com\/index.php\/home\/nous-contacter\/\",\"url\":\"https:\/\/jlm-assurance.com\/index.php\/home\/nous-contacter\/\",\"name\":\"Nous contacter - JLM\",\"isPartOf\":{\"@id\":\"https:\/\/jlm-assurance.com\/#website\"},\"primaryImageOfPage\":{\"@id\":\"https:\/\/jlm-assurance.com\/index.php\/home\/nous-contacter\/#primaryimage\"},\"image\":{\"@id\":\"https:\/\/jlm-assurance.com\/index.php\/home\/nous-contacter\/#primaryimage\"},\"thumbnailUrl\":\"https:\/\/jlm-assurance.com\/wp-content\/uploads\/2022\/06\/nordwood-themes-q8U1YgBaRQk-unsplash-1.jpg.webp\",\"datePublished\":\"2022-11-29T08:39:21+00:00\",\"dateModified\":\"2026-03-12T09:50:33+00:00\",\"description\":\"Nous contacter par t\u00e9l\u00e9phone au 04.92.99.14.80, par mail ou directement \u00e0 l'agence. Nous nous ferons un plaisir de r\u00e9pondre \u00e0 vos questions.\",\"breadcrumb\":{\"@id\":\"https:\/\/jlm-assurance.com\/index.php\/home\/nous-contacter\/#breadcrumb\"},\"inLanguage\":\"fr-FR\",\"potentialAction\":[{\"@type\":\"ReadAction\",\"target\":[\"https:\/\/jlm-assurance.com\/index.php\/home\/nous-contacter\/\"]}]},{\"@type\":\"ImageObject\",\"inLanguage\":\"fr-FR\",\"@id\":\"https:\/\/jlm-assurance.com\/index.php\/home\/nous-contacter\/#primaryimage\",\"url\":\"https:\/\/jlm-assurance.com\/wp-content\/uploads\/2022\/06\/nordwood-themes-q8U1YgBaRQk-unsplash-1.jpg.webp\",\"contentUrl\":\"https:\/\/jlm-assurance.com\/wp-content\/uploads\/2022\/06\/nordwood-themes-q8U1YgBaRQk-unsplash-1.jpg.webp\",\"width\":1920,\"height\":1280,\"caption\":\"Contactez-nous\"},{\"@type\":\"BreadcrumbList\",\"@id\":\"https:\/\/jlm-assurance.com\/index.php\/home\/nous-contacter\/#breadcrumb\",\"itemListElement\":[{\"@type\":\"ListItem\",\"position\":1,\"name\":\"Accueil\",\"item\":\"https:\/\/jlm-assurance.com\/\"},{\"@type\":\"ListItem\",\"position\":2,\"name\":\"Accueil\",\"item\":\"https:\/\/jlm-assurance.com\/\"},{\"@type\":\"ListItem\",\"position\":3,\"name\":\"Nous contacter\"}]},{\"@type\":\"WebSite\",\"@id\":\"https:\/\/jlm-assurance.com\/#website\",\"url\":\"https:\/\/jlm-assurance.com\/\",\"name\":\"JLM\",\"description\":\"Agence de courtage en assurances\",\"publisher\":{\"@id\":\"https:\/\/jlm-assurance.com\/#organization\"},\"potentialAction\":[{\"@type\":\"SearchAction\",\"target\":{\"@type\":\"EntryPoint\",\"urlTemplate\":\"https:\/\/jlm-assurance.com\/?s={search_term_string}\"},\"query-input\":{\"@type\":\"PropertyValueSpecification\",\"valueRequired\":true,\"valueName\":\"search_term_string\"}}],\"inLanguage\":\"fr-FR\"},{\"@type\":\"Organization\",\"@id\":\"https:\/\/jlm-assurance.com\/#organization\",\"name\":\"JLM Assurances\",\"url\":\"https:\/\/jlm-assurance.com\/\",\"logo\":{\"@type\":\"ImageObject\",\"inLanguage\":\"fr-FR\",\"@id\":\"https:\/\/jlm-assurance.com\/#\/schema\/logo\/image\/\",\"url\":\"http:\/\/jlm-assurance.com\/wp-content\/uploads\/2022\/06\/Logo-JLM-Assurance.jpg\",\"contentUrl\":\"http:\/\/jlm-assurance.com\/wp-content\/uploads\/2022\/06\/Logo-JLM-Assurance.jpg\",\"width\":710,\"height\":190,\"caption\":\"JLM Assurances\"},\"image\":{\"@id\":\"https:\/\/jlm-assurance.com\/#\/schema\/logo\/image\/\"}}]}<\/script>\n<!-- \/ Yoast SEO plugin. -->","yoast_head_json":{"title":"Nous contacter - JLM","description":"Nous contacter par t\u00e9l\u00e9phone au 04.92.99.14.80, par mail ou directement \u00e0 l'agence. Nous nous ferons un plaisir de r\u00e9pondre \u00e0 vos questions.","robots":{"index":"index","follow":"follow","max-snippet":"max-snippet:-1","max-image-preview":"max-image-preview:large","max-video-preview":"max-video-preview:-1"},"canonical":"https:\/\/jlm-assurance.com\/index.php\/home\/nous-contacter\/","og_locale":"fr_FR","og_type":"article","og_title":"Nous contacter - JLM","og_description":"Nous contacter par t\u00e9l\u00e9phone au 04.92.99.14.80, par mail ou directement \u00e0 l'agence. Nous nous ferons un plaisir de r\u00e9pondre \u00e0 vos questions.","og_url":"https:\/\/jlm-assurance.com\/index.php\/home\/nous-contacter\/","og_site_name":"JLM","article_modified_time":"2026-03-12T09:50:33+00:00","og_image":[{"width":1920,"height":1280,"url":"https:\/\/jlm-assurance.com\/wp-content\/uploads\/2022\/06\/nordwood-themes-q8U1YgBaRQk-unsplash-1.jpg.webp","type":"image\/jpeg"}],"twitter_card":"summary_large_image","twitter_misc":{"Dur\u00e9e de lecture estim\u00e9e":"1 minute"},"schema":{"@context":"https:\/\/schema.org","@graph":[{"@type":"WebPage","@id":"https:\/\/jlm-assurance.com\/index.php\/home\/nous-contacter\/","url":"https:\/\/jlm-assurance.com\/index.php\/home\/nous-contacter\/","name":"Nous contacter - JLM","isPartOf":{"@id":"https:\/\/jlm-assurance.com\/#website"},"primaryImageOfPage":{"@id":"https:\/\/jlm-assurance.com\/index.php\/home\/nous-contacter\/#primaryimage"},"image":{"@id":"https:\/\/jlm-assurance.com\/index.php\/home\/nous-contacter\/#primaryimage"},"thumbnailUrl":"https:\/\/jlm-assurance.com\/wp-content\/uploads\/2022\/06\/nordwood-themes-q8U1YgBaRQk-unsplash-1.jpg.webp","datePublished":"2022-11-29T08:39:21+00:00","dateModified":"2026-03-12T09:50:33+00:00","description":"Nous contacter par t\u00e9l\u00e9phone au 04.92.99.14.80, par mail ou directement \u00e0 l'agence. Nous nous ferons un plaisir de r\u00e9pondre \u00e0 vos questions.","breadcrumb":{"@id":"https:\/\/jlm-assurance.com\/index.php\/home\/nous-contacter\/#breadcrumb"},"inLanguage":"fr-FR","potentialAction":[{"@type":"ReadAction","target":["https:\/\/jlm-assurance.com\/index.php\/home\/nous-contacter\/"]}]},{"@type":"ImageObject","inLanguage":"fr-FR","@id":"https:\/\/jlm-assurance.com\/index.php\/home\/nous-contacter\/#primaryimage","url":"https:\/\/jlm-assurance.com\/wp-content\/uploads\/2022\/06\/nordwood-themes-q8U1YgBaRQk-unsplash-1.jpg.webp","contentUrl":"https:\/\/jlm-assurance.com\/wp-content\/uploads\/2022\/06\/nordwood-themes-q8U1YgBaRQk-unsplash-1.jpg.webp","width":1920,"height":1280,"caption":"Contactez-nous"},{"@type":"BreadcrumbList","@id":"https:\/\/jlm-assurance.com\/index.php\/home\/nous-contacter\/#breadcrumb","itemListElement":[{"@type":"ListItem","position":1,"name":"Accueil","item":"https:\/\/jlm-assurance.com\/"},{"@type":"ListItem","position":2,"name":"Accueil","item":"https:\/\/jlm-assurance.com\/"},{"@type":"ListItem","position":3,"name":"Nous contacter"}]},{"@type":"WebSite","@id":"https:\/\/jlm-assurance.com\/#website","url":"https:\/\/jlm-assurance.com\/","name":"JLM","description":"Agence de courtage en assurances","publisher":{"@id":"https:\/\/jlm-assurance.com\/#organization"},"potentialAction":[{"@type":"SearchAction","target":{"@type":"EntryPoint","urlTemplate":"https:\/\/jlm-assurance.com\/?s={search_term_string}"},"query-input":{"@type":"PropertyValueSpecification","valueRequired":true,"valueName":"search_term_string"}}],"inLanguage":"fr-FR"},{"@type":"Organization","@id":"https:\/\/jlm-assurance.com\/#organization","name":"JLM Assurances","url":"https:\/\/jlm-assurance.com\/","logo":{"@type":"ImageObject","inLanguage":"fr-FR","@id":"https:\/\/jlm-assurance.com\/#\/schema\/logo\/image\/","url":"http:\/\/jlm-assurance.com\/wp-content\/uploads\/2022\/06\/Logo-JLM-Assurance.jpg","contentUrl":"http:\/\/jlm-assurance.com\/wp-content\/uploads\/2022\/06\/Logo-JLM-Assurance.jpg","width":710,"height":190,"caption":"JLM Assurances"},"image":{"@id":"https:\/\/jlm-assurance.com\/#\/schema\/logo\/image\/"}}]}},"_links":{"self":[{"href":"https:\/\/jlm-assurance.com\/index.php\/wp-json\/wp\/v2\/pages\/359","targetHints":{"allow":["GET"]}}],"collection":[{"href":"https:\/\/jlm-assurance.com\/index.php\/wp-json\/wp\/v2\/pages"}],"about":[{"href":"https:\/\/jlm-assurance.com\/index.php\/wp-json\/wp\/v2\/types\/page"}],"author":[{"embeddable":true,"href":"https:\/\/jlm-assurance.com\/index.php\/wp-json\/wp\/v2\/users\/10"}],"replies":[{"embeddable":true,"href":"https:\/\/jlm-assurance.com\/index.php\/wp-json\/wp\/v2\/comments?post=359"}],"version-history":[{"count":16,"href":"https:\/\/jlm-assurance.com\/index.php\/wp-json\/wp\/v2\/pages\/359\/revisions"}],"predecessor-version":[{"id":547,"href":"https:\/\/jlm-assurance.com\/index.php\/wp-json\/wp\/v2\/pages\/359\/revisions\/547"}],"up":[{"embeddable":true,"href":"https:\/\/jlm-assurance.com\/index.php\/wp-json\/wp\/v2\/pages\/17"}],"wp:featuredmedia":[{"embeddable":true,"href":"https:\/\/jlm-assurance.com\/index.php\/wp-json\/wp\/v2\/media\/32"}],"wp:attachment":[{"href":"https:\/\/jlm-assurance.com\/index.php\/wp-json\/wp\/v2\/media?parent=359"}],"curies":[{"name":"wp","href":"https:\/\/api.w.org\/{rel}","templated":true}]}}