{"id":492,"date":"2024-02-19T15:06:52","date_gmt":"2024-02-19T14:06:52","guid":{"rendered":"https:\/\/jlm-assurance.com\/?page_id=492"},"modified":"2024-02-26T15:40:27","modified_gmt":"2024-02-26T14:40:27","slug":"protection-de-vos-donnees-a-caractere-personnel","status":"publish","type":"page","link":"https:\/\/jlm-assurance.com\/index.php\/protection-de-vos-donnees-a-caractere-personnel\/","title":{"rendered":"Protection de vos donn\u00e9es \u00e0 caract\u00e8re personnel"},"content":{"rendered":"\n<p>Le R\u00e8glement G\u00e9n\u00e9ral sur la Protection des Donn\u00e9es \u00e0 caract\u00e8re personnel dit \u201cRGPD \u201d est en application depuis le 25 mai 2018. Il renforce les obligations des acteurs traitant des donn\u00e9es \u00e0 caract\u00e8re personnel et les droits des r\u00e9sidents europ\u00e9ens concernant la gestion de leurs donn\u00e9es.<\/p>\n\n\n\n<p>JLM vous informe et met \u00e0 votre disposition dans cet espace :<\/p>\n\n\n\n<ul class=\"wp-block-list\">\n<li>L\u2019int\u00e9gralit\u00e9 du r\u00e8glement europ\u00e9en : <a href=\"https:\/\/www.animauxsante.com\/wp-content\/uploads\/2020\/12\/Le-r\u00e8glement-g\u00e9n\u00e9ral-sur-la-protection-des-donn\u00e9es-RGPD-_-CNIL.pdf\">t\u00e9l\u00e9charger le pdf<\/a><\/li>\n\n\n\n<li>La d\u00e9finition d\u2019une donn\u00e9e \u00e0 caract\u00e8re personnel<\/li>\n\n\n\n<li>Les raisons pour lesquelles JLM assurance peut \u00eatre amen\u00e9e \u00e0 collecter vos donn\u00e9es \u00e0 caract\u00e8re personnel<\/li>\n\n\n\n<li>Les destinataires potentiels de vos donn\u00e9es \u00e0 caract\u00e8re personnel<\/li>\n\n\n\n<li>Les principes permettant de d\u00e9finir des dur\u00e9es de conservation de vos donn\u00e9es \u00e0 caract\u00e8re personnel par JLM Assurance<\/li>\n\n\n\n<li>Les informations concernant les transferts de donn\u00e9es hors de l\u2019Union europ\u00e9enne<\/li>\n\n\n\n<li>La liste des droits dont vous disposez concernant vos donn\u00e9es \u00e0 caract\u00e8re personnel<\/li>\n\n\n\n<li>Les modalit\u00e9s d\u2019exercice de ces droits<\/li>\n<\/ul>\n\n\n\n<h2 class=\"wp-block-heading\"><strong>Qu\u2019est-ce qu\u2019une donn\u00e9e \u00e0 caract\u00e8re personnel au sens du r\u00e8glement RGPD ?<\/strong><\/h2>\n\n\n\n<p>Au regard du RGPD, est une donn\u00e9e \u00e0 caract\u00e8re personnelle toute information relative \u00e0 une personne physique identifi\u00e9e ou qui peut \u00eatre identifi\u00e9e, directement ou indirectement, par r\u00e9f\u00e9rence \u00e0 un num\u00e9ro d\u2019identification ou \u00e0 un ou plusieurs \u00e9l\u00e9ments qui lui sont propres.<\/p>\n\n\n\n<p>En mati\u00e8re de courtage en assurances, l\u2019identification d\u2019une personne par ses noms, pr\u00e9noms, date de naissance, l\u2019utilisation d\u2019informations qui lui sont associ\u00e9es comme des num\u00e9ros de contrats ainsi que toute information se rattachant \u00e0 la personne sont des donn\u00e9es \u00e0 caract\u00e8re personnel au sens du RGPD. Ces informations ne sont d\u2019ailleurs pas limit\u00e9es aux assur\u00e9s, les assureurs et\/ou courtiers recueillant, lorsque n\u00e9cessaire, des donn\u00e9es \u00e0 caract\u00e8re personnel relatives \u00e0 des tiers.<\/p>\n\n\n\n<h2 class=\"wp-block-heading\"><strong>Pourquoi JLM Assurance traite-t-elle vos donn\u00e9es \u00e0 caract\u00e8re personnel ?<\/strong><\/h2>\n\n\n\n<p>JLM Assurance traite vos donn\u00e9es \u00e0 caract\u00e8re personnel selon des protocoles s\u00e9curis\u00e9s afin de satisfaire les exigences de notre relation pr\u00e9contractuelle, contractuelle et le cas \u00e9ch\u00e9ant commerciale avec vous ainsi que pour r\u00e9pondre aux diff\u00e9rentes obligations l\u00e9gales. JLM Assurance limite la collecte des donn\u00e9es \u00e0 caract\u00e8re personnel au strict n\u00e9cessaire (principe de minimisation des donn\u00e9es). La collecte de vos donn\u00e9es \u00e0 caract\u00e8re personnel s\u2019accompagne d\u2019une information notamment sur :<\/p>\n\n\n\n<ul class=\"wp-block-list\">\n<li>Le responsable du traitement et les objectifs du recueil de ces donn\u00e9es (finalit\u00e9s)<\/li>\n\n\n\n<li>La base juridique du traitement de vos donn\u00e9es \u00e0 caract\u00e8re personnel<\/li>\n\n\n\n<li>Le caract\u00e8re obligatoire ou facultatif du recueil des donn\u00e9es \u00e0 caract\u00e8re personnel et le rappel des cat\u00e9gories de donn\u00e9es \u00e0 caract\u00e8re personnel trait\u00e9es<\/li>\n\n\n\n<li>Les destinataires de vos donn\u00e9es \u00e0 caract\u00e8re personnel<\/li>\n\n\n\n<li>La dur\u00e9e de conservation de vos donn\u00e9es \u00e0 caract\u00e8re personnel<\/li>\n\n\n\n<li>Vos droits sur vos donn\u00e9es \u00e0 caract\u00e8re personnel et la fa\u00e7on de les exercer aupr\u00e8s de JLM Assurance<\/li>\n\n\n\n<li>Le cas \u00e9ch\u00e9ant, l\u2019existence \u00e9ventuelle de transferts de donn\u00e9es hors de l\u2019Union Europ\u00e9enne ou de prises de d\u00e9cision automatis\u00e9es<\/li>\n<\/ul>\n\n\n\n<h2 class=\"wp-block-heading\"><strong>Quels sont les destinataires de vos donn\u00e9es \u00e0 caract\u00e8re personnel ?<\/strong><\/h2>\n\n\n\n<p>Les destinataires de vos donn\u00e9es \u00e0 caract\u00e8re personnel peuvent \u00eatre, dans le strict cadre des finalit\u00e9s \u00e9voqu\u00e9es ci-dessus : les personnels d\u00fbment habilit\u00e9s de JLM Assurance, de ses partenaires (notamment assureurs), sous-traitants, prestataires et s\u2019il y a lieu, les personnes int\u00e9ress\u00e9es au contrat.<\/p>\n\n\n\n<h2 class=\"wp-block-heading\"><strong>Combien de temps vos donn\u00e9es sont-elles conserv\u00e9es&nbsp;?<\/strong><\/h2>\n\n\n\n<p>JLM Assurance ne conserve vos donn\u00e9es \u00e0 caract\u00e8re personnel que pour les finalit\u00e9s pour lesquelles elles ont \u00e9t\u00e9 collect\u00e9es et dans le respect des d\u00e9lais de prescription l\u00e9gaux et des diff\u00e9rentes obligations impos\u00e9es par la r\u00e8glementation.<\/p>\n\n\n\n<p>Selon les cas et les finalit\u00e9s associ\u00e9es, vos donn\u00e9es \u00e0 caract\u00e8re personnel et votre contrat sont donc conserv\u00e9s pour une dur\u00e9e diff\u00e9rente.<\/p>\n\n\n\n<h2 class=\"wp-block-heading\"><strong>Animaux Sant\u00e9 transf\u00e8re-t-elle vos donn\u00e9es \u00e0 caract\u00e8re personnel hors de l\u2019Union Europ\u00e9enne ?<\/strong><\/h2>\n\n\n\n<p>Pour l\u2019h\u00e9bergement et le traitement de vos donn\u00e9es, JLM Assurance privil\u00e9gie des moyens situ\u00e9s en France et dans l\u2019Union Europ\u00e9enne.<\/p>\n\n\n\n<h2 class=\"wp-block-heading\"><strong>Quels sont les droits dont vous disposez concernant vos donn\u00e9es \u00e0 caract\u00e8re personnel ?<\/strong><\/h2>\n\n\n\n<p>Les droits d\u2019acc\u00e8s, de rectification, d\u2019opposition et le droit \u00e0 l\u2019effacement \u00e9taient d\u00e9j\u00e0 garantis par la Loi \u00ab Informatique et Libert\u00e9s \u00bb modifi\u00e9e (Art. 38 \u00e0 40). Le RGDP donne \u00e0 ces droits une port\u00e9e nouvelle et red\u00e9finit leurs conditions d\u2019exercice :<\/p>\n\n\n\n<ul class=\"wp-block-list\">\n<li>Droit d\u2019acc\u00e8s : le droit d\u2019acc\u00e8s vous permet d\u2019obtenir des informations sur vos donn\u00e9es \u00e0 caract\u00e8re personnel. Par exemple, il vous conf\u00e8re la possibilit\u00e9 de conna\u00eetre vos donn\u00e9es \u00e0 caract\u00e8re personnel d\u00e9tenues par JLM Assurance, les finalit\u00e9s de leurs traitements et leurs destinataires. (Art.15 du RGPD) ;<\/li>\n\n\n\n<li>Droit de rectification : le droit \u00e0 la rectification vous permet de faire rectifier vos donn\u00e9es \u00e0 caract\u00e8re personnel lorsqu\u2019elles sont inexactes et de compl\u00e9ter celles qui sont incompl\u00e8tes. (Art. 16 du RGPD) ;<\/li>\n\n\n\n<li>Droit \u00e0 l\u2019effacement : sous certaines conditions, il vous est possible d\u2019obtenir l\u2019effacement de vos donn\u00e9es \u00e0 caract\u00e8re personnel (Art. 17 du RGPD) ;<\/li>\n\n\n\n<li>Droit d\u2019opposition : sous certaines conditions, vous pouvez vous opposer \u00e0 tout moment au traitement de vos donn\u00e9es \u00e0 caract\u00e8re personnel et notamment vous opposer \u00e0 ce qu\u2019elles servent \u00e0 des fins de prospection commerciale (Art. 21 du RGPD).<\/li>\n<\/ul>\n\n\n\n<p><strong>Avec le RGPD, deux nouveaux droits compl\u00e8tent ceux pr\u00e9vus par la loi Informatique et Libert\u00e9s du 4 juillet 1978 modifi\u00e9e :<\/strong><\/p>\n\n\n\n<ul class=\"wp-block-list\">\n<li>Droit \u00e0 la limitation du traitement : sous certaines conditions r\u00e8glementaires, vous pourrez obtenir la limitation du traitement de vos donn\u00e9es \u00e0 caract\u00e8re personnel, c\u2019est-\u00e0-dire l\u2019usage qui en est fait. Par exemple, si vos donn\u00e9es sont inexactes, vous pouvez demander la limitation de leur traitement jusqu\u2019\u00e0 ce qu\u2019elles soient corrig\u00e9es. (Art. 18 du RGPD) ;<\/li>\n\n\n\n<li>Droit \u00e0 la portabilit\u00e9 : sous certaines conditions, il vous est possible d\u2019exiger la transmission de vos donn\u00e9es dans un format ais\u00e9ment r\u00e9utilisable et de les transmettre \u00e0 un tiers. (Art. 20 du RGPD).<\/li>\n<\/ul>\n\n\n\n<h2 class=\"wp-block-heading\"><strong>Comment exercer vos droits sur vos donn\u00e9es \u00e0 caract\u00e8re personnel ?<\/strong><\/h2>\n\n\n\n<p>Si vous souhaitez exercer ces droits, vous pouvez contacter le D\u00e9l\u00e9gu\u00e9 \u00e0 la Protection des Donn\u00e9es de JLM Assurance :<\/p>\n\n\n\n<ul class=\"wp-block-list\">\n<li>Par courrier \u00e0 l\u2019adresse de messagerie suivante : <a href=\"mailto:dpo@finaxy.com\">dpo@finaxy.com<\/a> ou ;<\/li>\n\n\n\n<li>Par courrier postal \u00e0 l\u2019adresse suivante : \u00ab Finaxy DPO, 74-78 rue Anatole France, 92300 Levallois-Perret \u00bb.<\/li>\n<\/ul>\n\n\n\n<p>En cas de d\u00e9saccord persistant concernant vos donn\u00e9es, vous avez le droit de saisir la CNIL \u00e0 l\u2019adresse suivante :<\/p>\n\n\n\n<p>Commission Nationale Informatique et Libert\u00e9s, 3 place de Fontenoy 75007 Paris, <a href=\"https:\/\/www.cnil.fr\/fr\/vous-souhaitez-contacter-la-cnil\">https:\/\/www.cnil.fr\/fr\/vous-souhaitez-contacter-la-cnil<\/a>, 01 53 73 22 22.<\/p>\n","protected":false},"excerpt":{"rendered":"<p>Le R\u00e8glement G\u00e9n\u00e9ral sur la Protection des Donn\u00e9es \u00e0 caract\u00e8re personnel dit \u201cRGPD \u201d est en application depuis le 25 mai 2018. Il renforce les obligations des acteurs traitant des donn\u00e9es \u00e0 caract\u00e8re personnel et les droits des r\u00e9sidents europ\u00e9ens concernant la gestion de leurs donn\u00e9es. JLM vous informe et [&hellip;]<\/p>\n","protected":false},"author":10,"featured_media":0,"parent":0,"menu_order":0,"comment_status":"closed","ping_status":"closed","template":"","meta":{"footnotes":""},"class_list":["post-492","page","type-page","status-publish","hentry"],"yoast_head":"<!-- This site is optimized with the Yoast SEO plugin v27.3 - https:\/\/yoast.com\/product\/yoast-seo-wordpress\/ -->\n<title>Protection de vos donn\u00e9es \u00e0 caract\u00e8re personnel - JLM<\/title>\n<meta name=\"robots\" content=\"index, follow, max-snippet:-1, max-image-preview:large, max-video-preview:-1\" \/>\n<link rel=\"canonical\" href=\"https:\/\/jlm-assurance.com\/index.php\/protection-de-vos-donnees-a-caractere-personnel\/\" \/>\n<meta property=\"og:locale\" content=\"fr_FR\" \/>\n<meta property=\"og:type\" content=\"article\" \/>\n<meta property=\"og:title\" content=\"Protection de vos donn\u00e9es \u00e0 caract\u00e8re personnel - JLM\" \/>\n<meta property=\"og:description\" content=\"Le R\u00e8glement G\u00e9n\u00e9ral sur la Protection des Donn\u00e9es \u00e0 caract\u00e8re personnel dit \u201cRGPD \u201d est en application depuis le 25 mai 2018. Il renforce les obligations des acteurs traitant des donn\u00e9es \u00e0 caract\u00e8re personnel et les droits des r\u00e9sidents europ\u00e9ens concernant la gestion de leurs donn\u00e9es. JLM vous informe et [&hellip;]\" \/>\n<meta property=\"og:url\" content=\"https:\/\/jlm-assurance.com\/index.php\/protection-de-vos-donnees-a-caractere-personnel\/\" \/>\n<meta property=\"og:site_name\" content=\"JLM\" \/>\n<meta property=\"article:modified_time\" content=\"2024-02-26T14:40:27+00:00\" \/>\n<meta name=\"twitter:card\" content=\"summary_large_image\" \/>\n<meta name=\"twitter:label1\" content=\"Dur\u00e9e de lecture estim\u00e9e\" \/>\n\t<meta name=\"twitter:data1\" content=\"6 minutes\" \/>\n<script type=\"application\/ld+json\" class=\"yoast-schema-graph\">{\"@context\":\"https:\\\/\\\/schema.org\",\"@graph\":[{\"@type\":\"WebPage\",\"@id\":\"https:\\\/\\\/jlm-assurance.com\\\/index.php\\\/protection-de-vos-donnees-a-caractere-personnel\\\/\",\"url\":\"https:\\\/\\\/jlm-assurance.com\\\/index.php\\\/protection-de-vos-donnees-a-caractere-personnel\\\/\",\"name\":\"Protection de vos donn\u00e9es \u00e0 caract\u00e8re personnel - JLM\",\"isPartOf\":{\"@id\":\"https:\\\/\\\/jlm-assurance.com\\\/#website\"},\"datePublished\":\"2024-02-19T14:06:52+00:00\",\"dateModified\":\"2024-02-26T14:40:27+00:00\",\"breadcrumb\":{\"@id\":\"https:\\\/\\\/jlm-assurance.com\\\/index.php\\\/protection-de-vos-donnees-a-caractere-personnel\\\/#breadcrumb\"},\"inLanguage\":\"fr-FR\",\"potentialAction\":[{\"@type\":\"ReadAction\",\"target\":[\"https:\\\/\\\/jlm-assurance.com\\\/index.php\\\/protection-de-vos-donnees-a-caractere-personnel\\\/\"]}]},{\"@type\":\"BreadcrumbList\",\"@id\":\"https:\\\/\\\/jlm-assurance.com\\\/index.php\\\/protection-de-vos-donnees-a-caractere-personnel\\\/#breadcrumb\",\"itemListElement\":[{\"@type\":\"ListItem\",\"position\":1,\"name\":\"Accueil\",\"item\":\"https:\\\/\\\/jlm-assurance.com\\\/\"},{\"@type\":\"ListItem\",\"position\":2,\"name\":\"Protection de vos donn\u00e9es \u00e0 caract\u00e8re personnel\"}]},{\"@type\":\"WebSite\",\"@id\":\"https:\\\/\\\/jlm-assurance.com\\\/#website\",\"url\":\"https:\\\/\\\/jlm-assurance.com\\\/\",\"name\":\"JLM\",\"description\":\"Agence de courtage en assurances\",\"publisher\":{\"@id\":\"https:\\\/\\\/jlm-assurance.com\\\/#organization\"},\"potentialAction\":[{\"@type\":\"SearchAction\",\"target\":{\"@type\":\"EntryPoint\",\"urlTemplate\":\"https:\\\/\\\/jlm-assurance.com\\\/?s={search_term_string}\"},\"query-input\":{\"@type\":\"PropertyValueSpecification\",\"valueRequired\":true,\"valueName\":\"search_term_string\"}}],\"inLanguage\":\"fr-FR\"},{\"@type\":\"Organization\",\"@id\":\"https:\\\/\\\/jlm-assurance.com\\\/#organization\",\"name\":\"JLM Assurances\",\"url\":\"https:\\\/\\\/jlm-assurance.com\\\/\",\"logo\":{\"@type\":\"ImageObject\",\"inLanguage\":\"fr-FR\",\"@id\":\"https:\\\/\\\/jlm-assurance.com\\\/#\\\/schema\\\/logo\\\/image\\\/\",\"url\":\"http:\\\/\\\/jlm-assurance.com\\\/wp-content\\\/uploads\\\/2022\\\/06\\\/Logo-JLM-Assurance.jpg\",\"contentUrl\":\"http:\\\/\\\/jlm-assurance.com\\\/wp-content\\\/uploads\\\/2022\\\/06\\\/Logo-JLM-Assurance.jpg\",\"width\":710,\"height\":190,\"caption\":\"JLM Assurances\"},\"image\":{\"@id\":\"https:\\\/\\\/jlm-assurance.com\\\/#\\\/schema\\\/logo\\\/image\\\/\"}}]}<\/script>\n<!-- \/ Yoast SEO plugin. -->","yoast_head_json":{"title":"Protection de vos donn\u00e9es \u00e0 caract\u00e8re personnel - JLM","robots":{"index":"index","follow":"follow","max-snippet":"max-snippet:-1","max-image-preview":"max-image-preview:large","max-video-preview":"max-video-preview:-1"},"canonical":"https:\/\/jlm-assurance.com\/index.php\/protection-de-vos-donnees-a-caractere-personnel\/","og_locale":"fr_FR","og_type":"article","og_title":"Protection de vos donn\u00e9es \u00e0 caract\u00e8re personnel - JLM","og_description":"Le R\u00e8glement G\u00e9n\u00e9ral sur la Protection des Donn\u00e9es \u00e0 caract\u00e8re personnel dit \u201cRGPD \u201d est en application depuis le 25 mai 2018. Il renforce les obligations des acteurs traitant des donn\u00e9es \u00e0 caract\u00e8re personnel et les droits des r\u00e9sidents europ\u00e9ens concernant la gestion de leurs donn\u00e9es. JLM vous informe et [&hellip;]","og_url":"https:\/\/jlm-assurance.com\/index.php\/protection-de-vos-donnees-a-caractere-personnel\/","og_site_name":"JLM","article_modified_time":"2024-02-26T14:40:27+00:00","twitter_card":"summary_large_image","twitter_misc":{"Dur\u00e9e de lecture estim\u00e9e":"6 minutes"},"schema":{"@context":"https:\/\/schema.org","@graph":[{"@type":"WebPage","@id":"https:\/\/jlm-assurance.com\/index.php\/protection-de-vos-donnees-a-caractere-personnel\/","url":"https:\/\/jlm-assurance.com\/index.php\/protection-de-vos-donnees-a-caractere-personnel\/","name":"Protection de vos donn\u00e9es \u00e0 caract\u00e8re personnel - JLM","isPartOf":{"@id":"https:\/\/jlm-assurance.com\/#website"},"datePublished":"2024-02-19T14:06:52+00:00","dateModified":"2024-02-26T14:40:27+00:00","breadcrumb":{"@id":"https:\/\/jlm-assurance.com\/index.php\/protection-de-vos-donnees-a-caractere-personnel\/#breadcrumb"},"inLanguage":"fr-FR","potentialAction":[{"@type":"ReadAction","target":["https:\/\/jlm-assurance.com\/index.php\/protection-de-vos-donnees-a-caractere-personnel\/"]}]},{"@type":"BreadcrumbList","@id":"https:\/\/jlm-assurance.com\/index.php\/protection-de-vos-donnees-a-caractere-personnel\/#breadcrumb","itemListElement":[{"@type":"ListItem","position":1,"name":"Accueil","item":"https:\/\/jlm-assurance.com\/"},{"@type":"ListItem","position":2,"name":"Protection de vos donn\u00e9es \u00e0 caract\u00e8re personnel"}]},{"@type":"WebSite","@id":"https:\/\/jlm-assurance.com\/#website","url":"https:\/\/jlm-assurance.com\/","name":"JLM","description":"Agence de courtage en assurances","publisher":{"@id":"https:\/\/jlm-assurance.com\/#organization"},"potentialAction":[{"@type":"SearchAction","target":{"@type":"EntryPoint","urlTemplate":"https:\/\/jlm-assurance.com\/?s={search_term_string}"},"query-input":{"@type":"PropertyValueSpecification","valueRequired":true,"valueName":"search_term_string"}}],"inLanguage":"fr-FR"},{"@type":"Organization","@id":"https:\/\/jlm-assurance.com\/#organization","name":"JLM Assurances","url":"https:\/\/jlm-assurance.com\/","logo":{"@type":"ImageObject","inLanguage":"fr-FR","@id":"https:\/\/jlm-assurance.com\/#\/schema\/logo\/image\/","url":"http:\/\/jlm-assurance.com\/wp-content\/uploads\/2022\/06\/Logo-JLM-Assurance.jpg","contentUrl":"http:\/\/jlm-assurance.com\/wp-content\/uploads\/2022\/06\/Logo-JLM-Assurance.jpg","width":710,"height":190,"caption":"JLM Assurances"},"image":{"@id":"https:\/\/jlm-assurance.com\/#\/schema\/logo\/image\/"}}]}},"_links":{"self":[{"href":"https:\/\/jlm-assurance.com\/index.php\/wp-json\/wp\/v2\/pages\/492","targetHints":{"allow":["GET"]}}],"collection":[{"href":"https:\/\/jlm-assurance.com\/index.php\/wp-json\/wp\/v2\/pages"}],"about":[{"href":"https:\/\/jlm-assurance.com\/index.php\/wp-json\/wp\/v2\/types\/page"}],"author":[{"embeddable":true,"href":"https:\/\/jlm-assurance.com\/index.php\/wp-json\/wp\/v2\/users\/10"}],"replies":[{"embeddable":true,"href":"https:\/\/jlm-assurance.com\/index.php\/wp-json\/wp\/v2\/comments?post=492"}],"version-history":[{"count":2,"href":"https:\/\/jlm-assurance.com\/index.php\/wp-json\/wp\/v2\/pages\/492\/revisions"}],"predecessor-version":[{"id":497,"href":"https:\/\/jlm-assurance.com\/index.php\/wp-json\/wp\/v2\/pages\/492\/revisions\/497"}],"wp:attachment":[{"href":"https:\/\/jlm-assurance.com\/index.php\/wp-json\/wp\/v2\/media?parent=492"}],"curies":[{"name":"wp","href":"https:\/\/api.w.org\/{rel}","templated":true}]}}